{"id":6568,"date":"2025-08-22T14:39:53","date_gmt":"2025-08-22T12:39:53","guid":{"rendered":"https:\/\/parafiaprzyszowa.pl\/?page_id=6568"},"modified":"2026-02-12T08:08:31","modified_gmt":"2026-02-12T07:08:31","slug":"powolania-z-parafii","status":"publish","type":"page","link":"https:\/\/parafiaprzyszowa.pl\/index.php\/o-parafii\/powolania-z-parafii\/","title":{"rendered":"Powo\u0142ania z parafii"},"content":{"rendered":"<p><strong>Kap\u0142ani:<\/strong><\/p>\n<ol>\n<li>ks. Micha\u0142 Bargie\u0142 TChr<\/li>\n<li>o. Sylwester Caba\u0142a CSsR<\/li>\n<li>ks. inf. W\u0142adys\u0142aw Kostrzewa<\/li>\n<li>ks. Zbigniew Ko\u017cuch<\/li>\n<li>ks. Marek Kuzak<\/li>\n<li>ks. W\u0142adys\u0142aw Liptak<\/li>\n<li>ks. Kazimierz Nawalaniec<\/li>\n<li>ks. Mieczys\u0142aw Paj\u0105k<\/li>\n<li>ks. \u0141ukasz Plata<\/li>\n<li>ks. Roman Siko\u0144 SDB<\/li>\n<li>o. Marcin Skirli\u0144ski OFM<\/li>\n<li>o. Julian Mieczys\u0142aw \u015amierciak OFM<\/li>\n<li>ks. Piotr Witecki<\/li>\n<\/ol>\n<p><strong>Bracia zakonni:<\/strong><\/p>\n<ol>\n<li>br. Jerzy Wilk OFMConv<\/li>\n<\/ol>\n<p><strong>Siostry zakonne:<\/strong><\/p>\n<ol>\n<li>s. Ma\u0142gorzata Caba\u0142a SBDNP<\/li>\n<li>s. Vianneja Teresa Caba\u0142a SBDNP<\/li>\n<li>s. Zenobia Maria Iwan OSB<\/li>\n<li>s. Anastazja Rozalia Mordarska CVP<\/li>\n<li>s. Tarzycja Maria Mrowca SBDNP<\/li>\n<li>s. Roberta Wanda Mrowca SBDNP<\/li>\n<li>s. Elia Ma\u0142gorzata Opiela SBDNP<\/li>\n<li>s. Loyola Maria Opiela SBDNP<\/li>\n<li>s. Wawrzyna Teresa Plata SBDNP<\/li>\n<li>s. Zofia Plata SBDNP<\/li>\n<li>s. Monika Pulit SBDNP<\/li>\n<li>s. Bonfilia Cecylia Wilk SBDNP<\/li>\n<li>s. Noemi Janina Wilk SBDNP<\/li>\n<li>s. \u015awierada Krystyna Wilk SBDNP\u00a0<\/li>\n<\/ol>\n<p><strong>Zmarli kap\u0142ani i siostry zakonne:<\/strong><\/p>\n<ol>\n<li><em>\u2020 s. Klementyna Caba\u0142a SBDNP (zm. 2024)<\/em><\/li>\n<li><em>\u2020 ks. J\u00f3zef Le\u015bniak (zm. 2024)<\/em><\/li>\n<li><em>\u2020 ks. J\u00f3zef Piszczek (zm. 2022)<\/em><\/li>\n<li><em>\u2020 s. Waleria Zofia Kuzak SMI (zm. 15.04.2017)<\/em><\/li>\n<li><em>\u2020 s. Rafaela Stanis\u0142awa Suflita CSSE (zm. 2016)<\/em><\/li>\n<li><em>\u2020 o. Bronis\u0142aw Fr\u0105czek OFM (zm. 2015)<\/em><\/li>\n<li><em>\u2020 s. Jeremia Liszka SBDNP (zm. 2013)<\/em><\/li>\n<li><em>\u2020 ks. Kazimierz Kunicki (zm. 2003)<\/em><\/li>\n<li><em>\u2020 ks. J\u00f3zef Le\u015bniak (zm. 1967)<\/em><\/li>\n<li><em>\u2020 s. Wincencja Maria Gurgul SBDNP (zm. 25.01.2016)<\/em><\/li>\n<li><em>\u2020 ks. Tomasz Le\u015bniak (zm. 1941)<\/em><\/li>\n<\/ol>\n\n\n<p><\/p>\n","protected":false},"excerpt":{"rendered":"<p>Kap\u0142ani: ks. Micha\u0142 Bargie\u0142 TChr o. Sylwester Caba\u0142a CSsR ks. inf. W\u0142adys\u0142aw Kostrzewa ks. Zbigniew Ko\u017cuch ks. Marek Kuzak ks. W\u0142adys\u0142aw Liptak ks. Kazimierz Nawalaniec ks. Mieczys\u0142aw Paj\u0105k ks. \u0141ukasz Plata ks. Roman Siko\u0144 SDB o. Marcin Skirli\u0144ski OFM o. Julian Mieczys\u0142aw \u015amierciak OFM ks. Piotr Witecki Bracia zakonni: br. Jerzy Wilk OFMConv Siostry zakonne: [&hellip;]<\/p>\n","protected":false},"author":2,"featured_media":0,"parent":234,"menu_order":0,"comment_status":"closed","ping_status":"closed","template":"","meta":{"footnotes":""},"class_list":["post-6568","page","type-page","status-publish","hentry"],"yoast_head":"<!-- This site is optimized with the Yoast SEO plugin v20.4 - https:\/\/yoast.com\/wordpress\/plugins\/seo\/ -->\n<title>Powo\u0142ania z parafii - Parafia Przyszowa<\/title>\n<meta name=\"robots\" content=\"index, follow, max-snippet:-1, max-image-preview:large, max-video-preview:-1\" \/>\n<link rel=\"canonical\" href=\"https:\/\/parafiaprzyszowa.pl\/index.php\/o-parafii\/powolania-z-parafii\/\" \/>\n<meta property=\"og:locale\" content=\"pl_PL\" \/>\n<meta property=\"og:type\" content=\"article\" \/>\n<meta property=\"og:title\" content=\"Powo\u0142ania z parafii - Parafia Przyszowa\" \/>\n<meta property=\"og:description\" content=\"Kap\u0142ani: ks. Micha\u0142 Bargie\u0142 TChr o. Sylwester Caba\u0142a CSsR ks. inf. W\u0142adys\u0142aw Kostrzewa ks. Zbigniew Ko\u017cuch ks. Marek Kuzak ks. W\u0142adys\u0142aw Liptak ks. Kazimierz Nawalaniec ks. Mieczys\u0142aw Paj\u0105k ks. \u0141ukasz Plata ks. Roman Siko\u0144 SDB o. Marcin Skirli\u0144ski OFM o. Julian Mieczys\u0142aw \u015amierciak OFM ks. Piotr Witecki Bracia zakonni: br. Jerzy Wilk OFMConv Siostry zakonne: [&hellip;]\" \/>\n<meta property=\"og:url\" content=\"https:\/\/parafiaprzyszowa.pl\/index.php\/o-parafii\/powolania-z-parafii\/\" \/>\n<meta property=\"og:site_name\" content=\"Parafia Przyszowa\" \/>\n<meta property=\"article:modified_time\" content=\"2026-02-12T07:08:31+00:00\" \/>\n<meta name=\"twitter:card\" content=\"summary_large_image\" \/>\n<meta name=\"twitter:label1\" content=\"Szacowany czas czytania\" \/>\n\t<meta name=\"twitter:data1\" content=\"2 minuty\" \/>\n<script type=\"application\/ld+json\" class=\"yoast-schema-graph\">{\"@context\":\"https:\/\/schema.org\",\"@graph\":[{\"@type\":\"WebPage\",\"@id\":\"https:\/\/parafiaprzyszowa.pl\/index.php\/o-parafii\/powolania-z-parafii\/\",\"url\":\"https:\/\/parafiaprzyszowa.pl\/index.php\/o-parafii\/powolania-z-parafii\/\",\"name\":\"Powo\u0142ania z parafii - Parafia Przyszowa\",\"isPartOf\":{\"@id\":\"https:\/\/parafiaprzyszowa.pl\/#website\"},\"datePublished\":\"2025-08-22T12:39:53+00:00\",\"dateModified\":\"2026-02-12T07:08:31+00:00\",\"breadcrumb\":{\"@id\":\"https:\/\/parafiaprzyszowa.pl\/index.php\/o-parafii\/powolania-z-parafii\/#breadcrumb\"},\"inLanguage\":\"pl-PL\",\"potentialAction\":[{\"@type\":\"ReadAction\",\"target\":[\"https:\/\/parafiaprzyszowa.pl\/index.php\/o-parafii\/powolania-z-parafii\/\"]}]},{\"@type\":\"BreadcrumbList\",\"@id\":\"https:\/\/parafiaprzyszowa.pl\/index.php\/o-parafii\/powolania-z-parafii\/#breadcrumb\",\"itemListElement\":[{\"@type\":\"ListItem\",\"position\":1,\"name\":\"Strona g\u0142\u00f3wna\",\"item\":\"https:\/\/parafiaprzyszowa.pl\/\"},{\"@type\":\"ListItem\",\"position\":2,\"name\":\"O Parafii\",\"item\":\"https:\/\/parafiaprzyszowa.pl\/index.php\/o-parafii\/\"},{\"@type\":\"ListItem\",\"position\":3,\"name\":\"Powo\u0142ania z parafii\"}]},{\"@type\":\"WebSite\",\"@id\":\"https:\/\/parafiaprzyszowa.pl\/#website\",\"url\":\"https:\/\/parafiaprzyszowa.pl\/\",\"name\":\"Parafia Przyszowa\",\"description\":\"Oficjalna strona Parafii pw. \u015bw. Miko\u0142aja Biskupa w Przyszowej\",\"potentialAction\":[{\"@type\":\"SearchAction\",\"target\":{\"@type\":\"EntryPoint\",\"urlTemplate\":\"https:\/\/parafiaprzyszowa.pl\/?s={search_term_string}\"},\"query-input\":\"required name=search_term_string\"}],\"inLanguage\":\"pl-PL\"}]}<\/script>\n<!-- \/ Yoast SEO plugin. -->","yoast_head_json":{"title":"Powo\u0142ania z parafii - Parafia Przyszowa","robots":{"index":"index","follow":"follow","max-snippet":"max-snippet:-1","max-image-preview":"max-image-preview:large","max-video-preview":"max-video-preview:-1"},"canonical":"https:\/\/parafiaprzyszowa.pl\/index.php\/o-parafii\/powolania-z-parafii\/","og_locale":"pl_PL","og_type":"article","og_title":"Powo\u0142ania z parafii - Parafia Przyszowa","og_description":"Kap\u0142ani: ks. Micha\u0142 Bargie\u0142 TChr o. Sylwester Caba\u0142a CSsR ks. inf. W\u0142adys\u0142aw Kostrzewa ks. Zbigniew Ko\u017cuch ks. Marek Kuzak ks. W\u0142adys\u0142aw Liptak ks. Kazimierz Nawalaniec ks. Mieczys\u0142aw Paj\u0105k ks. \u0141ukasz Plata ks. Roman Siko\u0144 SDB o. Marcin Skirli\u0144ski OFM o. Julian Mieczys\u0142aw \u015amierciak OFM ks. Piotr Witecki Bracia zakonni: br. Jerzy Wilk OFMConv Siostry zakonne: [&hellip;]","og_url":"https:\/\/parafiaprzyszowa.pl\/index.php\/o-parafii\/powolania-z-parafii\/","og_site_name":"Parafia Przyszowa","article_modified_time":"2026-02-12T07:08:31+00:00","twitter_card":"summary_large_image","twitter_misc":{"Szacowany czas czytania":"2 minuty"},"schema":{"@context":"https:\/\/schema.org","@graph":[{"@type":"WebPage","@id":"https:\/\/parafiaprzyszowa.pl\/index.php\/o-parafii\/powolania-z-parafii\/","url":"https:\/\/parafiaprzyszowa.pl\/index.php\/o-parafii\/powolania-z-parafii\/","name":"Powo\u0142ania z parafii - Parafia Przyszowa","isPartOf":{"@id":"https:\/\/parafiaprzyszowa.pl\/#website"},"datePublished":"2025-08-22T12:39:53+00:00","dateModified":"2026-02-12T07:08:31+00:00","breadcrumb":{"@id":"https:\/\/parafiaprzyszowa.pl\/index.php\/o-parafii\/powolania-z-parafii\/#breadcrumb"},"inLanguage":"pl-PL","potentialAction":[{"@type":"ReadAction","target":["https:\/\/parafiaprzyszowa.pl\/index.php\/o-parafii\/powolania-z-parafii\/"]}]},{"@type":"BreadcrumbList","@id":"https:\/\/parafiaprzyszowa.pl\/index.php\/o-parafii\/powolania-z-parafii\/#breadcrumb","itemListElement":[{"@type":"ListItem","position":1,"name":"Strona g\u0142\u00f3wna","item":"https:\/\/parafiaprzyszowa.pl\/"},{"@type":"ListItem","position":2,"name":"O Parafii","item":"https:\/\/parafiaprzyszowa.pl\/index.php\/o-parafii\/"},{"@type":"ListItem","position":3,"name":"Powo\u0142ania z parafii"}]},{"@type":"WebSite","@id":"https:\/\/parafiaprzyszowa.pl\/#website","url":"https:\/\/parafiaprzyszowa.pl\/","name":"Parafia Przyszowa","description":"Oficjalna strona Parafii pw. \u015bw. Miko\u0142aja Biskupa w Przyszowej","potentialAction":[{"@type":"SearchAction","target":{"@type":"EntryPoint","urlTemplate":"https:\/\/parafiaprzyszowa.pl\/?s={search_term_string}"},"query-input":"required name=search_term_string"}],"inLanguage":"pl-PL"}]}},"_links":{"self":[{"href":"https:\/\/parafiaprzyszowa.pl\/index.php\/wp-json\/wp\/v2\/pages\/6568","targetHints":{"allow":["GET"]}}],"collection":[{"href":"https:\/\/parafiaprzyszowa.pl\/index.php\/wp-json\/wp\/v2\/pages"}],"about":[{"href":"https:\/\/parafiaprzyszowa.pl\/index.php\/wp-json\/wp\/v2\/types\/page"}],"author":[{"embeddable":true,"href":"https:\/\/parafiaprzyszowa.pl\/index.php\/wp-json\/wp\/v2\/users\/2"}],"replies":[{"embeddable":true,"href":"https:\/\/parafiaprzyszowa.pl\/index.php\/wp-json\/wp\/v2\/comments?post=6568"}],"version-history":[{"count":11,"href":"https:\/\/parafiaprzyszowa.pl\/index.php\/wp-json\/wp\/v2\/pages\/6568\/revisions"}],"predecessor-version":[{"id":6831,"href":"https:\/\/parafiaprzyszowa.pl\/index.php\/wp-json\/wp\/v2\/pages\/6568\/revisions\/6831"}],"up":[{"embeddable":true,"href":"https:\/\/parafiaprzyszowa.pl\/index.php\/wp-json\/wp\/v2\/pages\/234"}],"wp:attachment":[{"href":"https:\/\/parafiaprzyszowa.pl\/index.php\/wp-json\/wp\/v2\/media?parent=6568"}],"curies":[{"name":"wp","href":"https:\/\/api.w.org\/{rel}","templated":true}]}}