{"id":4523,"date":"2023-08-12T16:06:18","date_gmt":"2023-08-12T14:06:18","guid":{"rendered":"https:\/\/parafiaprzyszowa.pl\/?page_id=4523"},"modified":"2024-08-10T10:49:28","modified_gmt":"2024-08-10T08:49:28","slug":"bierzmowanie","status":"publish","type":"page","link":"https:\/\/parafiaprzyszowa.pl\/index.php\/sakramenty\/bierzmowanie\/","title":{"rendered":"Bierzmowanie"},"content":{"rendered":"<p style=\"text-align: justify;\">M\u0142odzie\u017c szk\u00f3\u0142 podstawowych przygotowuje si\u0119 do sakramentu bierzmowania wed\u0142ug obowi\u0105zuj\u0105cego w diecezji dwuletniego programu.<\/p>\n<p style=\"text-align: justify;\">Sakrament bierzmowania jest udzielany w naszej parafii w terminie podanym przez ksi\u0119dza przygotowuj\u0105cego.<\/p>\n<p><strong>Konieczne dokumenty:<\/strong><\/p>\n<ul>\n<li>\u015bwiadectwo chrztu <em>\/dostarczaj\u0105 tylko kandydaci ochrzczeni poza parafi\u0105<\/em><\/li>\n<li>zgoda na bierzmowanie poza parafi\u0105 <em>\/dostarczaj\u0105 kandydaci mieszkaj\u0105cy poza terenem parafii Przyszowa<\/em><\/li>\n<\/ul>\n<h3><strong>Klasa VII<\/strong><\/h3>\n<p style=\"text-align: justify;\"><u>W szkole<\/u> \u2013 przygotowanie do egzaminu z wiedzy religijnej na podstawie <em>Katechizmu dla bierzmowanych<\/em>, zwie\u0144czone egzaminem.<\/p>\n<p style=\"text-align: justify;\"><u>W parafii<\/u> \u2013 <strong>udzia\u0142 w nabo\u017ce\u0144stwach pierwszych pi\u0105tk\u00f3w miesi\u0105ca.<\/strong><\/p>\n<h3>Klasa VIII<\/h3>\n<p style=\"text-align: justify;\"><u>W szkole<\/u> \u2013 cykl katechez okoliczno\u015bciowych<\/p>\n<p style=\"text-align: justify;\"><u>W parafii<\/u> \u2013 <strong>cykl celebracji przygotowuj\u0105cych do sakramentu bierzmowania <\/strong>oraz <strong>Triduum przed przyj\u0119ciem sakramentu bierzmowania<\/strong><\/p>\n","protected":false},"excerpt":{"rendered":"<p>M\u0142odzie\u017c szk\u00f3\u0142 podstawowych przygotowuje si\u0119 do sakramentu bierzmowania wed\u0142ug obowi\u0105zuj\u0105cego w diecezji dwuletniego programu. Sakrament bierzmowania jest udzielany w naszej parafii w terminie podanym przez ksi\u0119dza przygotowuj\u0105cego. Konieczne dokumenty: \u015bwiadectwo chrztu \/dostarczaj\u0105 tylko kandydaci ochrzczeni poza parafi\u0105 zgoda na bierzmowanie poza parafi\u0105 \/dostarczaj\u0105 kandydaci mieszkaj\u0105cy poza terenem parafii Przyszowa Klasa VII W szkole \u2013 przygotowanie [&hellip;]<\/p>\n","protected":false},"author":2,"featured_media":0,"parent":237,"menu_order":0,"comment_status":"closed","ping_status":"closed","template":"","meta":{"footnotes":""},"class_list":["post-4523","page","type-page","status-publish","hentry"],"yoast_head":"<!-- This site is optimized with the Yoast SEO plugin v20.4 - https:\/\/yoast.com\/wordpress\/plugins\/seo\/ -->\n<title>Bierzmowanie - Parafia Przyszowa<\/title>\n<meta name=\"robots\" content=\"index, follow, max-snippet:-1, max-image-preview:large, max-video-preview:-1\" \/>\n<link rel=\"canonical\" href=\"https:\/\/parafiaprzyszowa.pl\/index.php\/sakramenty\/bierzmowanie\/\" \/>\n<meta property=\"og:locale\" content=\"pl_PL\" \/>\n<meta property=\"og:type\" content=\"article\" \/>\n<meta property=\"og:title\" content=\"Bierzmowanie - Parafia Przyszowa\" \/>\n<meta property=\"og:description\" content=\"M\u0142odzie\u017c szk\u00f3\u0142 podstawowych przygotowuje si\u0119 do sakramentu bierzmowania wed\u0142ug obowi\u0105zuj\u0105cego w diecezji dwuletniego programu. Sakrament bierzmowania jest udzielany w naszej parafii w terminie podanym przez ksi\u0119dza przygotowuj\u0105cego. Konieczne dokumenty: \u015bwiadectwo chrztu \/dostarczaj\u0105 tylko kandydaci ochrzczeni poza parafi\u0105 zgoda na bierzmowanie poza parafi\u0105 \/dostarczaj\u0105 kandydaci mieszkaj\u0105cy poza terenem parafii Przyszowa Klasa VII W szkole \u2013 przygotowanie [&hellip;]\" \/>\n<meta property=\"og:url\" content=\"https:\/\/parafiaprzyszowa.pl\/index.php\/sakramenty\/bierzmowanie\/\" \/>\n<meta property=\"og:site_name\" content=\"Parafia Przyszowa\" \/>\n<meta property=\"article:modified_time\" content=\"2024-08-10T08:49:28+00:00\" \/>\n<meta name=\"twitter:card\" content=\"summary_large_image\" \/>\n<meta name=\"twitter:label1\" content=\"Szacowany czas czytania\" \/>\n\t<meta name=\"twitter:data1\" content=\"1 minuta\" \/>\n<script type=\"application\/ld+json\" class=\"yoast-schema-graph\">{\"@context\":\"https:\/\/schema.org\",\"@graph\":[{\"@type\":\"WebPage\",\"@id\":\"https:\/\/parafiaprzyszowa.pl\/index.php\/sakramenty\/bierzmowanie\/\",\"url\":\"https:\/\/parafiaprzyszowa.pl\/index.php\/sakramenty\/bierzmowanie\/\",\"name\":\"Bierzmowanie - Parafia Przyszowa\",\"isPartOf\":{\"@id\":\"https:\/\/parafiaprzyszowa.pl\/#website\"},\"datePublished\":\"2023-08-12T14:06:18+00:00\",\"dateModified\":\"2024-08-10T08:49:28+00:00\",\"breadcrumb\":{\"@id\":\"https:\/\/parafiaprzyszowa.pl\/index.php\/sakramenty\/bierzmowanie\/#breadcrumb\"},\"inLanguage\":\"pl-PL\",\"potentialAction\":[{\"@type\":\"ReadAction\",\"target\":[\"https:\/\/parafiaprzyszowa.pl\/index.php\/sakramenty\/bierzmowanie\/\"]}]},{\"@type\":\"BreadcrumbList\",\"@id\":\"https:\/\/parafiaprzyszowa.pl\/index.php\/sakramenty\/bierzmowanie\/#breadcrumb\",\"itemListElement\":[{\"@type\":\"ListItem\",\"position\":1,\"name\":\"Strona g\u0142\u00f3wna\",\"item\":\"https:\/\/parafiaprzyszowa.pl\/\"},{\"@type\":\"ListItem\",\"position\":2,\"name\":\"Sakramenty\",\"item\":\"https:\/\/parafiaprzyszowa.pl\/index.php\/sakramenty\/\"},{\"@type\":\"ListItem\",\"position\":3,\"name\":\"Bierzmowanie\"}]},{\"@type\":\"WebSite\",\"@id\":\"https:\/\/parafiaprzyszowa.pl\/#website\",\"url\":\"https:\/\/parafiaprzyszowa.pl\/\",\"name\":\"Parafia Przyszowa\",\"description\":\"Oficjalna strona Parafii pw. \u015bw. Miko\u0142aja Biskupa w Przyszowej\",\"potentialAction\":[{\"@type\":\"SearchAction\",\"target\":{\"@type\":\"EntryPoint\",\"urlTemplate\":\"https:\/\/parafiaprzyszowa.pl\/?s={search_term_string}\"},\"query-input\":\"required name=search_term_string\"}],\"inLanguage\":\"pl-PL\"}]}<\/script>\n<!-- \/ Yoast SEO plugin. -->","yoast_head_json":{"title":"Bierzmowanie - Parafia Przyszowa","robots":{"index":"index","follow":"follow","max-snippet":"max-snippet:-1","max-image-preview":"max-image-preview:large","max-video-preview":"max-video-preview:-1"},"canonical":"https:\/\/parafiaprzyszowa.pl\/index.php\/sakramenty\/bierzmowanie\/","og_locale":"pl_PL","og_type":"article","og_title":"Bierzmowanie - Parafia Przyszowa","og_description":"M\u0142odzie\u017c szk\u00f3\u0142 podstawowych przygotowuje si\u0119 do sakramentu bierzmowania wed\u0142ug obowi\u0105zuj\u0105cego w diecezji dwuletniego programu. Sakrament bierzmowania jest udzielany w naszej parafii w terminie podanym przez ksi\u0119dza przygotowuj\u0105cego. Konieczne dokumenty: \u015bwiadectwo chrztu \/dostarczaj\u0105 tylko kandydaci ochrzczeni poza parafi\u0105 zgoda na bierzmowanie poza parafi\u0105 \/dostarczaj\u0105 kandydaci mieszkaj\u0105cy poza terenem parafii Przyszowa Klasa VII W szkole \u2013 przygotowanie [&hellip;]","og_url":"https:\/\/parafiaprzyszowa.pl\/index.php\/sakramenty\/bierzmowanie\/","og_site_name":"Parafia Przyszowa","article_modified_time":"2024-08-10T08:49:28+00:00","twitter_card":"summary_large_image","twitter_misc":{"Szacowany czas czytania":"1 minuta"},"schema":{"@context":"https:\/\/schema.org","@graph":[{"@type":"WebPage","@id":"https:\/\/parafiaprzyszowa.pl\/index.php\/sakramenty\/bierzmowanie\/","url":"https:\/\/parafiaprzyszowa.pl\/index.php\/sakramenty\/bierzmowanie\/","name":"Bierzmowanie - Parafia Przyszowa","isPartOf":{"@id":"https:\/\/parafiaprzyszowa.pl\/#website"},"datePublished":"2023-08-12T14:06:18+00:00","dateModified":"2024-08-10T08:49:28+00:00","breadcrumb":{"@id":"https:\/\/parafiaprzyszowa.pl\/index.php\/sakramenty\/bierzmowanie\/#breadcrumb"},"inLanguage":"pl-PL","potentialAction":[{"@type":"ReadAction","target":["https:\/\/parafiaprzyszowa.pl\/index.php\/sakramenty\/bierzmowanie\/"]}]},{"@type":"BreadcrumbList","@id":"https:\/\/parafiaprzyszowa.pl\/index.php\/sakramenty\/bierzmowanie\/#breadcrumb","itemListElement":[{"@type":"ListItem","position":1,"name":"Strona g\u0142\u00f3wna","item":"https:\/\/parafiaprzyszowa.pl\/"},{"@type":"ListItem","position":2,"name":"Sakramenty","item":"https:\/\/parafiaprzyszowa.pl\/index.php\/sakramenty\/"},{"@type":"ListItem","position":3,"name":"Bierzmowanie"}]},{"@type":"WebSite","@id":"https:\/\/parafiaprzyszowa.pl\/#website","url":"https:\/\/parafiaprzyszowa.pl\/","name":"Parafia Przyszowa","description":"Oficjalna strona Parafii pw. \u015bw. Miko\u0142aja Biskupa w Przyszowej","potentialAction":[{"@type":"SearchAction","target":{"@type":"EntryPoint","urlTemplate":"https:\/\/parafiaprzyszowa.pl\/?s={search_term_string}"},"query-input":"required name=search_term_string"}],"inLanguage":"pl-PL"}]}},"_links":{"self":[{"href":"https:\/\/parafiaprzyszowa.pl\/index.php\/wp-json\/wp\/v2\/pages\/4523","targetHints":{"allow":["GET"]}}],"collection":[{"href":"https:\/\/parafiaprzyszowa.pl\/index.php\/wp-json\/wp\/v2\/pages"}],"about":[{"href":"https:\/\/parafiaprzyszowa.pl\/index.php\/wp-json\/wp\/v2\/types\/page"}],"author":[{"embeddable":true,"href":"https:\/\/parafiaprzyszowa.pl\/index.php\/wp-json\/wp\/v2\/users\/2"}],"replies":[{"embeddable":true,"href":"https:\/\/parafiaprzyszowa.pl\/index.php\/wp-json\/wp\/v2\/comments?post=4523"}],"version-history":[{"count":4,"href":"https:\/\/parafiaprzyszowa.pl\/index.php\/wp-json\/wp\/v2\/pages\/4523\/revisions"}],"predecessor-version":[{"id":5846,"href":"https:\/\/parafiaprzyszowa.pl\/index.php\/wp-json\/wp\/v2\/pages\/4523\/revisions\/5846"}],"up":[{"embeddable":true,"href":"https:\/\/parafiaprzyszowa.pl\/index.php\/wp-json\/wp\/v2\/pages\/237"}],"wp:attachment":[{"href":"https:\/\/parafiaprzyszowa.pl\/index.php\/wp-json\/wp\/v2\/media?parent=4523"}],"curies":[{"name":"wp","href":"https:\/\/api.w.org\/{rel}","templated":true}]}}