{"id":3342,"date":"2021-10-09T20:58:00","date_gmt":"2021-10-09T20:58:00","guid":{"rendered":"https:\/\/parafiaprzyszowa.pl\/?page_id=3342"},"modified":"2026-05-09T08:47:27","modified_gmt":"2026-05-09T06:47:27","slug":"intencje-mszalne","status":"publish","type":"page","link":"https:\/\/parafiaprzyszowa.pl\/index.php\/intencje-mszalne\/","title":{"rendered":"Intencje mszalne"},"content":{"rendered":"<table style=\"font-weight: 400; width: 100%; height: 455px;\" width=\"100%\">\n<tbody>\n<tr style=\"background-color: #fff8de;\">\n<td style=\"height: 23px;\" colspan=\"2\" width=\"643\"><strong>Sobota,<\/strong> <em>9 maja 2026 r. <\/em><\/td>\n<\/tr>\n<tr style=\"height: 141px;\">\n<td style=\"height: 141px;\" width=\"113\"><strong>6:30<\/strong><\/td>\n<td style=\"height: 141px;\" width=\"529\">1.\u00a0\u00a0 O zdrowie i b\u0142. dla Zofii z ok. urodzin<\/p>\n<p>2.\u00a0\u00a0 Dz.-b\u0142. w int. s. Gregoriany z ok. imienin<\/p>\n<p>3.\u00a0\u00a0 \u2020 Stanis\u0142aw Ward\u0119ga z ok. imienin<\/p>\n<\/td>\n<\/tr>\n<tr style=\"height: 23px;\">\n<td style=\"height: 23px;\" width=\"113\"><strong>16:30 Str.<\/strong><\/td>\n<td style=\"height: 23px;\" width=\"529\">\u2020 Stanis\u0142aw Su\u0142kowski z ok. imienin<\/td>\n<\/tr>\n<tr style=\"height: 107px;\">\n<td style=\"height: 107px;\" width=\"113\"><strong>18:00<\/strong><\/td>\n<td style=\"height: 107px;\" width=\"529\">1.\u00a0\u00a0 \u2020\u2020 Stanis\u0142aw, Aniela, J\u00f3zef Hybel z ok. imienin<\/p>\n<p>2.\u00a0\u00a0 \u2020 Jan W\u00f3jcik w 7 dz. po \u015bmierci<\/p>\n<\/td>\n<\/tr>\n<tr style=\"background-color: #fff8de;\">\n<td style=\"height: 23px;\" colspan=\"2\" width=\"643\"><strong>Niedziela,<\/strong> <em>10 maja<\/em><em> 2026 r.<\/em><\/td>\n<\/tr>\n<tr style=\"height: 23px;\">\n<td style=\"height: 23px;\" width=\"113\"><strong>7:00<\/strong><\/td>\n<td style=\"height: 23px;\" width=\"529\">\u2020 Katarzyna Wilk w 26 r. \u015bm.<\/td>\n<\/tr>\n<tr style=\"height: 23px;\">\n<td style=\"height: 23px;\" width=\"113\"><strong>8:30<\/strong><\/td>\n<td style=\"height: 23px;\" width=\"529\">\u2020\u2020 Stanis\u0142awa, Tadeusz Plata z racji im. Stanis\u0142awy<\/td>\n<\/tr>\n<tr style=\"height: 46px;\">\n<td style=\"height: 46px;\" width=\"113\"><strong>10:00 Str.<\/strong><\/td>\n<td style=\"height: 46px;\" width=\"529\">O zdrowie i op. Anio\u0142\u00f3w Str\u00f3\u017c\u00f3w dla Jakuba, Kacpra, Mi\u0142osza i Leny od dziadk\u00f3w<\/td>\n<\/tr>\n<tr style=\"height: 23px;\">\n<td style=\"height: 23px;\" width=\"113\"><strong>11:30<\/strong><\/td>\n<td style=\"height: 23px;\" width=\"529\">W intencji parafian <em>\/chrzty<\/em><\/td>\n<\/tr>\n<tr style=\"height: 23px;\">\n<td style=\"height: 23px;\" width=\"113\"><strong>15:00<\/strong><\/td>\n<td style=\"height: 23px;\" width=\"529\">\u2020\u2020 Maria i W\u0142adys\u0142aw Hebda w 22 r. \u015bm. Marii<\/td>\n<\/tr>\n<\/tbody>\n<\/table>\n<table style=\"font-weight: 400;\" width=\"100%\">\n<tbody>\n<tr style=\"background-color: #fff8de;\">\n<td colspan=\"2\" width=\"699\">\n<p><strong>Poniedzia\u0142ek,<\/strong> <em>11 maja 2026 r. <\/em><\/p>\n<\/td>\n<\/tr>\n<tr>\n<td width=\"113\">\n<p><strong>6:30<\/strong><\/p>\n<\/td>\n<td width=\"586\">\n<p>1.\u00a0\u00a0 \u2020 W\u0142adys\u0142aw Le\u015bniak w 26 r. \u015bm. od c\u00f3rki Zofii z rodz.<\/p>\n<p>2.\u00a0\u00a0 \u2020 Stanis\u0142awa (k) K\u0105dzio\u0142ka w 1 r. \u015bm. od syna Micha\u0142a z rodz.<\/p>\n<\/td>\n<\/tr>\n<tr>\n<td width=\"113\">\n<p><strong>16:30 Str.<\/strong><\/p>\n<\/td>\n<td width=\"586\">\n<p>\u2020\u2020 Stanis\u0142aw i Genowefa Wilk od synowej z ok. imienin<\/p>\n<\/td>\n<\/tr>\n<tr>\n<td width=\"113\">\n<p><strong>18:00<\/strong><\/p>\n<\/td>\n<td width=\"586\">\n<p>\u2020\u2020 Anna i Stanis\u0142aw Kroczek od c\u00f3rki Anieli z rodz.<\/p>\n<\/td>\n<\/tr>\n<tr style=\"background-color: #fff8de;\">\n<td colspan=\"2\" width=\"699\">\n<p><strong>Wtorek,<\/strong> <em>12 maja 2026 r. <\/em><\/p>\n<\/td>\n<\/tr>\n<tr>\n<td width=\"113\">\n<p><strong>6:30<\/strong><\/p>\n<\/td>\n<td width=\"586\">\n<p>1.\u00a0\u00a0 \u2020 Stanis\u0142aw Nalepa z ok. imienin od \u017cony<\/p>\n<p>2.\u00a0\u00a0 \u2020 W\u0142adys\u0142aw Mordarski w 10 r. \u015bm.<\/p>\n<\/td>\n<\/tr>\n<tr>\n<td width=\"113\">\n<p><strong>16:30 Str.<\/strong><\/p>\n<\/td>\n<td width=\"586\">\n<p>\u2020 Ignacy Dynowski od rodz. W\u00f3jtowicz<\/p>\n<\/td>\n<\/tr>\n<tr>\n<td width=\"113\">\n<p><strong>18:00<\/strong><\/p>\n<\/td>\n<td width=\"586\">\n<p>\u2020 Stanis\u0142aw Rakowski w rocz. \u015bm.<\/p>\n<\/td>\n<\/tr>\n<tr style=\"background-color: #fff8de;\">\n<td colspan=\"2\" width=\"699\">\n<p><strong>\u015aroda<\/strong>, <em>13 maja 2026 r.<\/em><\/p>\n<\/td>\n<\/tr>\n<tr>\n<td width=\"113\">\n<p><strong>6:30<\/strong><\/p>\n<\/td>\n<td width=\"586\">\n<p>1.\u00a0\u00a0 \u2020 Romana (k) Hebda od c\u00f3rki z rodz. w 1 r. \u015bm.<\/p>\n<p>2.\u00a0\u00a0 \u2020 Andrzej S\u0119dzimir od siostry Anny z m\u0119\u017cem<\/p>\n<p>3.\u00a0\u00a0 \u2020 Helena Kuzak od wnuka Marcina z Nowego Targu<\/p>\n<\/td>\n<\/tr>\n<tr>\n<td width=\"113\">\n<p><strong>16:30 Str.<\/strong><\/p>\n<\/td>\n<td width=\"586\">\n<p>\u2020 Stanis\u0142aw Gurgul z racji imienin<\/p>\n<\/td>\n<\/tr>\n<tr>\n<td style=\"width: 113px; vertical-align: top;\" width=\"113\">\n<p><strong>18:00<\/strong><\/p>\n<\/td>\n<td width=\"586\">\n<p><strong><em><u>Intencje nowennowe:<\/u><\/em><\/strong><\/p>\n<p>O zdrowie dla Bartosza<\/p>\n<p>O szcz. przebieg operacji i powr\u00f3t do zdrowia<\/p>\n<p>\u2020\u2020 Czes\u0142aw i Marian Pi\u00f3ro w 8 r. \u015bm.<\/p>\n<p>\u2020 Stanis\u0142aw Raczek<\/p>\n<p>\u2020 Stanis\u0142aw Ko\u017cuch z ok. im. od \u017cony i dzieci<\/p>\n<p>\u2020 Sebastian Wyliga\u0142a z ok. urodzin od mamy i rodze\u0144stwa<\/p>\n<p>\u2020 Anna Jasica od wnuka Sebastiana<\/p>\n<p>\u2020 Jan Ward\u0119ga od prawnuk\u00f3w: Igora, Kacpra, Maksymiliana i Igora<\/p>\n<p>\u2020\u2020 Stanis\u0142awa Kroczek i Zofia Wadowska z ok. im.<\/p>\n<p>\u2020\u2020 Anna i Stanis\u0142aw Kroczek w 29 r. \u015bm. Stanis\u0142awa<\/p>\n<p>\u2020 Kazimierz S\u0119dzimir w 10 r. \u015bm. od syna z rodz.<\/p>\n<p>\u2020 Zofia Gom\u00f3\u0142ka od m\u0119\u017ca w r. \u015bm.<\/p>\n<p>\u2020 Zofia Gom\u00f3\u0142ka od c\u00f3rek w r. \u015bm.<\/p>\n<p>\u2020\u2020 Stanis\u0142awa, Franciszek, Stefan Mrowca z ok. im.<\/p>\n<p>\u2020 Jan Wolak<\/p>\n<p>\u2020\u2020 Jan, Helena Pietrucha<\/p>\n<p>\u2020\u2020 Zofia i J\u00f3zef Kuzak w 17 r. \u015bm. Zofii<\/p>\n<p>\u2020 Jan W\u00f3jcik<\/p>\n<p>\u2020\u2020 Szczepan Zaj\u0105c<\/p>\n<p>\u2020\u2020 Ludwika, Stefan, W\u0142adys\u0142aw, Jan Wilk w r. \u015bm. Stefana i Jana<\/p>\n<p>\u2020 Andrzej \u015amia\u0142ek w 14 r. \u015bm. od \u017cony i dzieci<\/p>\n<p>\u2020\u2020 Zofia i Grzegorz Wygoda w r. \u015bm. Grzegorza<\/p>\n<p>\u2020\u2020 Rozalia, Barbara i Piotr Mordarscy<\/p>\n<p>\u2020\u2020 Zofia, Protazy i Ryszard Wilczy\u0144scy w r. \u015bm. Protazego<\/p>\n<p>\u2020 Zofia Mordarska z ok. imienin<\/p>\n<p>\u2020\u2020 J\u00f3zefa, Stanis\u0142aw Hybel i Janusz Stawiarski<\/p>\n<p>\u2020 Mieczys\u0142aw Wilczy\u0144ski od bratowej Wie\u015bki ze \u015awidnika<\/p>\n<p>\u2020 J\u00f3zef Hebda od wnuka \u0141ukasza z rodz.<\/p>\n<p>\u2020 J\u00f3zef Kotlarz od Sabiny Smaga z Andrzejem<\/p>\n<p>\u2020 Jan W\u00f3jcik od Katarzyny i \u0141ukasza Paj\u0105k z dzie\u0107mi<\/p>\n<p>\u2020 Celina Hebda od mamy<\/p>\n<p>\u2020\u2020 Stefania i Micha\u0142 Nowog\u00f3rscy<\/p>\n<p>\u2020 Stanis\u0142aw Liszka w r. \u015bm.<\/p>\n<\/td>\n<\/tr>\n<tr style=\"background-color: #fff8de;\">\n<td colspan=\"2\" width=\"699\">\n<p><strong>Czwartek, <\/strong><em>14 maja 2026 r. Naj\u015bw. Maryi Panny z Fatimy<\/em><\/p>\n<\/td>\n<\/tr>\n<tr>\n<td width=\"113\">\n<p><strong>6:30<\/strong><\/p>\n<\/td>\n<td width=\"586\">\n<p>1.\u00a0\u00a0 \u2020\u2020 J\u00f3zef Marmon i jego rodzice w 2 r. \u015bm. od \u017cony z dzie\u0107mi<\/p>\n<p>2.\u00a0\u00a0 \u2020\u2020 W\u0142adys\u0142awa i J\u00f3zef Pietrzak w 10 r. \u015bm. J\u00f3zefa<\/p>\n<p>3.\u00a0\u00a0 \u2020 Stanis\u0142aw Jasica od c\u00f3rki Joanny z rodz.<\/p>\n<\/td>\n<\/tr>\n<tr>\n<td width=\"113\">\n<p><strong>16:30 Str.<\/strong><\/p>\n<\/td>\n<td width=\"586\">\n<p>\u2020\u2020 Aniela, W\u0142adys\u0142awa (k), Teofil Fryzowicz<\/p>\n<\/td>\n<\/tr>\n<tr>\n<td width=\"113\">\n<p><strong>18:00<\/strong><\/p>\n<\/td>\n<td width=\"586\">\n<p>\u2020\u2020 cz\u0142onkowie Cechu \u015awiat\u0142a<\/p>\n<\/td>\n<\/tr>\n<tr style=\"background-color: #ed4e4e;\">\n<td colspan=\"2\" width=\"699\">\n<p><strong>Pi\u0105tek,<\/strong> <em>15 maja 2026 r.<strong> \u015bw. Macieja Aposto\u0142a<\/strong><\/em><\/p>\n<\/td>\n<\/tr>\n<tr>\n<td width=\"113\">\n<p><strong>6:30<\/strong><\/p>\n<\/td>\n<td width=\"586\">\n<p>1.\u00a0\u00a0 O zdrowie i b\u0142og. dla Zofii z ok. imienin<\/p>\n<p>2.\u00a0\u00a0 \u2020\u2020 Zofia i Zbigniew Piskorscy<\/p>\n<p>3.\u00a0\u00a0 \u2020 Zofia Gom\u00f3\u0142ka w dniu imienin od c\u00f3rek<\/p>\n<\/td>\n<\/tr>\n<tr>\n<td width=\"113\">\n<p><strong>16:30 Str.<\/strong><\/p>\n<\/td>\n<td width=\"586\">\n<p>\u2020\u2020 Zofia, J\u00f3zef Dynowscy z ok. imienin Zofii<\/p>\n<\/td>\n<\/tr>\n<tr>\n<td width=\"113\">\n<p><strong>18:00<\/strong><\/p>\n<\/td>\n<td width=\"586\">\n<p>\u2020\u2020 Stanis\u0142awa (k) i Tadeusz Galus od syna z rodz.<\/p>\n<\/td>\n<\/tr>\n<tr style=\"background-color: #ed4e4e;\">\n<td colspan=\"2\" width=\"699\">\n<p><strong>Sobota,<\/strong> <em>16 maja 2026 r. <strong>\u015bw. Andrzeja Boboli, patrona Polski<\/strong><\/em><\/p>\n<\/td>\n<\/tr>\n<tr>\n<td width=\"113\">\n<p><strong>6:30<\/strong><\/p>\n<\/td>\n<td width=\"586\">\n<p>1.\u00a0\u00a0 \u2020\u2020 Zofia i Stanis\u0142aw Rakowscy z ok. imienin<\/p>\n<p>2.\u00a0\u00a0 \u2020 Mieczys\u0142aw Wilczy\u0144ski od bratanka Sylwka z rodz.<\/p>\n<\/td>\n<\/tr>\n<tr>\n<td width=\"113\">\n<p><strong>11:00<\/strong><\/p>\n<\/td>\n<td width=\"586\">\n<p><strong>I Komunia \u015awi\u0119ta<\/strong><\/p>\n<\/td>\n<\/tr>\n<tr>\n<td width=\"113\">\n<p><strong>16:30 Str.<\/strong><\/p>\n<\/td>\n<td width=\"586\">\n<p>\u2020\u2020 Stanis\u0142aw i Stefan Gurgul<\/p>\n<\/td>\n<\/tr>\n<tr>\n<td width=\"113\">\n<p><strong>18:00<\/strong><\/p>\n<\/td>\n<td width=\"586\">\n<p>\u2020\u2020 Aniela i Jan Le\u015bniak od syna J\u00f3zefa i wnuk\u00f3w z rodzinami<\/p>\n<\/td>\n<\/tr>\n<tr style=\"background-color: #fff8de;\">\n<td colspan=\"2\" width=\"699\">\n<p><strong>Niedziela,<\/strong> <em>17 maja<\/em><em> 2026 r. <strong>Wniebowst\u0105pienie Pa\u0144skie<\/strong><\/em><\/p>\n<\/td>\n<\/tr>\n<tr>\n<td width=\"113\">\n<p><strong>7:00<\/strong><\/p>\n<\/td>\n<td width=\"586\">\n<p>\u2020 Zofia Kunicka z ok. imienin<\/p>\n<\/td>\n<\/tr>\n<tr>\n<td width=\"113\">\n<p><strong>8:30<\/strong><\/p>\n<\/td>\n<td width=\"586\">\n<p>\u2020\u2020 Helena i Jan Galarowicz od syna Krzysztofa z rodz.<\/p>\n<\/td>\n<\/tr>\n<tr>\n<td width=\"113\">\n<p><strong>10:00 Str.<\/strong><\/p>\n<\/td>\n<td width=\"586\">\n<p>\u2020 Stanis\u0142aw Dyrek w 4 r. \u015bm. od \u017cony i dzieci z rodzinami<\/p>\n<\/td>\n<\/tr>\n<tr>\n<td width=\"113\">\n<p><strong>11:30<\/strong><\/p>\n<\/td>\n<td width=\"586\">\n<p>W intencji parafian<\/p>\n<\/td>\n<\/tr>\n<tr>\n<td width=\"113\">\n<p><strong>15:00<\/strong><\/p>\n<\/td>\n<td width=\"586\">\n<p>\u2020 Stanis\u0142awa Serafin w 1 r. \u015bm.<\/p>\n<\/td>\n<\/tr>\n<tr style=\"background-color: #a58aba;\">\n<td colspan=\"2\" width=\"699\">\n<p><strong>Msze gregoria\u0144skie poza parafi\u0105, 1 \u2013 30 maja 2026<\/strong><\/p>\n<\/td>\n<\/tr>\n<tr>\n<td colspan=\"2\" width=\"699\">\n<p><strong>\u2020 J\u00f3zef Hebda<\/strong><em> \/ks. Arkadiusz St\u0119pie\u0144<\/em><\/p>\n<p><strong>\u2020 Augustyn Krawiec<\/strong><em> \/ks. St. Worwa dla ks. w Czadzie<\/em><\/p>\n<p><strong>\u2020 Tomasz Przeliorz<\/strong><em> \/ks. St. Worwa dla ks. w Czadzie<\/em><\/p>\n<p><strong>\u2020 J\u00f3zef Kotlarz<\/strong><em> \/ks. St. Worwa dla ks. w Czadzie<\/em><\/p>\n<p><strong>\u2020 Jan Janik<\/strong><em> \/ks. St. Worwa dla ks. w Czadzie<\/em><\/p>\n<p><strong>\u2020 Jan Wilk<\/strong><em> \/ks. St. Worwa dla ks. w Czadzie<\/em><\/p>\n<p><strong>\u2020 Jan Rumian<\/strong><em> \/ks. St. Worwa dla ks. w Czadzie<\/em><\/p>\n<p><strong>\u2020 Jan Ward\u0119ga<\/strong><em> \/ks. St. Worwa dla ks. w Czadzie<\/em><\/p>\n<p><strong>\u2020 Jan Ward\u0119ga<\/strong><em> \/ks. ks. Roman Siko\u0144 dla ks. w Brazylii<\/em><\/p>\n<p><strong>\u2020 Andrzej S\u0119dzimir<\/strong><em> \/ks. Roman Siko\u0144 dla ks. w Brazylii<\/em><\/p>\n<p><strong>\u2020 Ignacy Wajda <\/strong><em>\/ks. Andrzej Grygiel<\/em><\/p>\n<p><strong>\u2020 Wanda Wilk <\/strong><em>\/ks. Damian Grelik<\/em><\/p>\n<\/td>\n<\/tr>\n<\/tbody>\n<\/table>\n","protected":false},"excerpt":{"rendered":"<p>Sobota, 9 maja 2026 r. 6:30 1.\u00a0\u00a0 O zdrowie i b\u0142. dla Zofii z ok. urodzin 2.\u00a0\u00a0 Dz.-b\u0142. w int. s. Gregoriany z ok. imienin 3.\u00a0\u00a0 \u2020 Stanis\u0142aw Ward\u0119ga z ok. imienin 16:30 Str. \u2020 Stanis\u0142aw Su\u0142kowski z ok. imienin 18:00 1.\u00a0\u00a0 \u2020\u2020 Stanis\u0142aw, Aniela, J\u00f3zef Hybel z ok. imienin 2.\u00a0\u00a0 \u2020 Jan W\u00f3jcik w [&hellip;]<\/p>\n","protected":false},"author":2,"featured_media":0,"parent":0,"menu_order":0,"comment_status":"closed","ping_status":"closed","template":"","meta":{"footnotes":""},"class_list":["post-3342","page","type-page","status-publish","hentry"],"yoast_head":"<!-- This site is optimized with the Yoast SEO plugin v20.4 - https:\/\/yoast.com\/wordpress\/plugins\/seo\/ -->\n<title>Intencje mszalne - Parafia Przyszowa<\/title>\n<meta name=\"description\" content=\"Intencje Mszy \u015bwi\u0119tych bie\u017c\u0105cego tygodnia\" \/>\n<meta name=\"robots\" content=\"index, follow, max-snippet:-1, max-image-preview:large, max-video-preview:-1\" \/>\n<link rel=\"canonical\" href=\"https:\/\/parafiaprzyszowa.pl\/index.php\/intencje-mszalne\/\" \/>\n<meta property=\"og:locale\" content=\"pl_PL\" \/>\n<meta property=\"og:type\" content=\"article\" \/>\n<meta property=\"og:title\" content=\"Intencje mszalne - Parafia Przyszowa\" \/>\n<meta property=\"og:description\" content=\"Intencje Mszy \u015bwi\u0119tych bie\u017c\u0105cego tygodnia\" \/>\n<meta property=\"og:url\" content=\"https:\/\/parafiaprzyszowa.pl\/index.php\/intencje-mszalne\/\" \/>\n<meta property=\"og:site_name\" content=\"Parafia Przyszowa\" \/>\n<meta property=\"article:modified_time\" content=\"2026-05-09T06:47:27+00:00\" \/>\n<meta name=\"twitter:card\" content=\"summary_large_image\" \/>\n<meta name=\"twitter:label1\" content=\"Szacowany czas czytania\" \/>\n\t<meta name=\"twitter:data1\" content=\"6 minut\" \/>\n<script type=\"application\/ld+json\" class=\"yoast-schema-graph\">{\"@context\":\"https:\/\/schema.org\",\"@graph\":[{\"@type\":\"WebPage\",\"@id\":\"https:\/\/parafiaprzyszowa.pl\/index.php\/intencje-mszalne\/\",\"url\":\"https:\/\/parafiaprzyszowa.pl\/index.php\/intencje-mszalne\/\",\"name\":\"Intencje mszalne - Parafia Przyszowa\",\"isPartOf\":{\"@id\":\"https:\/\/parafiaprzyszowa.pl\/#website\"},\"datePublished\":\"2021-10-09T20:58:00+00:00\",\"dateModified\":\"2026-05-09T06:47:27+00:00\",\"description\":\"Intencje Mszy \u015bwi\u0119tych bie\u017c\u0105cego tygodnia\",\"breadcrumb\":{\"@id\":\"https:\/\/parafiaprzyszowa.pl\/index.php\/intencje-mszalne\/#breadcrumb\"},\"inLanguage\":\"pl-PL\",\"potentialAction\":[{\"@type\":\"ReadAction\",\"target\":[\"https:\/\/parafiaprzyszowa.pl\/index.php\/intencje-mszalne\/\"]}]},{\"@type\":\"BreadcrumbList\",\"@id\":\"https:\/\/parafiaprzyszowa.pl\/index.php\/intencje-mszalne\/#breadcrumb\",\"itemListElement\":[{\"@type\":\"ListItem\",\"position\":1,\"name\":\"Strona g\u0142\u00f3wna\",\"item\":\"https:\/\/parafiaprzyszowa.pl\/\"},{\"@type\":\"ListItem\",\"position\":2,\"name\":\"Intencje mszalne\"}]},{\"@type\":\"WebSite\",\"@id\":\"https:\/\/parafiaprzyszowa.pl\/#website\",\"url\":\"https:\/\/parafiaprzyszowa.pl\/\",\"name\":\"Parafia Przyszowa\",\"description\":\"Oficjalna strona Parafii pw. \u015bw. Miko\u0142aja Biskupa w Przyszowej\",\"potentialAction\":[{\"@type\":\"SearchAction\",\"target\":{\"@type\":\"EntryPoint\",\"urlTemplate\":\"https:\/\/parafiaprzyszowa.pl\/?s={search_term_string}\"},\"query-input\":\"required name=search_term_string\"}],\"inLanguage\":\"pl-PL\"}]}<\/script>\n<!-- \/ Yoast SEO plugin. -->","yoast_head_json":{"title":"Intencje mszalne - Parafia Przyszowa","description":"Intencje Mszy \u015bwi\u0119tych bie\u017c\u0105cego tygodnia","robots":{"index":"index","follow":"follow","max-snippet":"max-snippet:-1","max-image-preview":"max-image-preview:large","max-video-preview":"max-video-preview:-1"},"canonical":"https:\/\/parafiaprzyszowa.pl\/index.php\/intencje-mszalne\/","og_locale":"pl_PL","og_type":"article","og_title":"Intencje mszalne - Parafia Przyszowa","og_description":"Intencje Mszy \u015bwi\u0119tych bie\u017c\u0105cego tygodnia","og_url":"https:\/\/parafiaprzyszowa.pl\/index.php\/intencje-mszalne\/","og_site_name":"Parafia Przyszowa","article_modified_time":"2026-05-09T06:47:27+00:00","twitter_card":"summary_large_image","twitter_misc":{"Szacowany czas czytania":"6 minut"},"schema":{"@context":"https:\/\/schema.org","@graph":[{"@type":"WebPage","@id":"https:\/\/parafiaprzyszowa.pl\/index.php\/intencje-mszalne\/","url":"https:\/\/parafiaprzyszowa.pl\/index.php\/intencje-mszalne\/","name":"Intencje mszalne - Parafia Przyszowa","isPartOf":{"@id":"https:\/\/parafiaprzyszowa.pl\/#website"},"datePublished":"2021-10-09T20:58:00+00:00","dateModified":"2026-05-09T06:47:27+00:00","description":"Intencje Mszy \u015bwi\u0119tych bie\u017c\u0105cego tygodnia","breadcrumb":{"@id":"https:\/\/parafiaprzyszowa.pl\/index.php\/intencje-mszalne\/#breadcrumb"},"inLanguage":"pl-PL","potentialAction":[{"@type":"ReadAction","target":["https:\/\/parafiaprzyszowa.pl\/index.php\/intencje-mszalne\/"]}]},{"@type":"BreadcrumbList","@id":"https:\/\/parafiaprzyszowa.pl\/index.php\/intencje-mszalne\/#breadcrumb","itemListElement":[{"@type":"ListItem","position":1,"name":"Strona g\u0142\u00f3wna","item":"https:\/\/parafiaprzyszowa.pl\/"},{"@type":"ListItem","position":2,"name":"Intencje mszalne"}]},{"@type":"WebSite","@id":"https:\/\/parafiaprzyszowa.pl\/#website","url":"https:\/\/parafiaprzyszowa.pl\/","name":"Parafia Przyszowa","description":"Oficjalna strona Parafii pw. \u015bw. Miko\u0142aja Biskupa w Przyszowej","potentialAction":[{"@type":"SearchAction","target":{"@type":"EntryPoint","urlTemplate":"https:\/\/parafiaprzyszowa.pl\/?s={search_term_string}"},"query-input":"required name=search_term_string"}],"inLanguage":"pl-PL"}]}},"_links":{"self":[{"href":"https:\/\/parafiaprzyszowa.pl\/index.php\/wp-json\/wp\/v2\/pages\/3342","targetHints":{"allow":["GET"]}}],"collection":[{"href":"https:\/\/parafiaprzyszowa.pl\/index.php\/wp-json\/wp\/v2\/pages"}],"about":[{"href":"https:\/\/parafiaprzyszowa.pl\/index.php\/wp-json\/wp\/v2\/types\/page"}],"author":[{"embeddable":true,"href":"https:\/\/parafiaprzyszowa.pl\/index.php\/wp-json\/wp\/v2\/users\/2"}],"replies":[{"embeddable":true,"href":"https:\/\/parafiaprzyszowa.pl\/index.php\/wp-json\/wp\/v2\/comments?post=3342"}],"version-history":[{"count":836,"href":"https:\/\/parafiaprzyszowa.pl\/index.php\/wp-json\/wp\/v2\/pages\/3342\/revisions"}],"predecessor-version":[{"id":6970,"href":"https:\/\/parafiaprzyszowa.pl\/index.php\/wp-json\/wp\/v2\/pages\/3342\/revisions\/6970"}],"wp:attachment":[{"href":"https:\/\/parafiaprzyszowa.pl\/index.php\/wp-json\/wp\/v2\/media?parent=3342"}],"curies":[{"name":"wp","href":"https:\/\/api.w.org\/{rel}","templated":true}]}}