{"id":319,"date":"2018-11-27T19:34:17","date_gmt":"2018-11-27T18:34:17","guid":{"rendered":"https:\/\/parafiaprzyszowa.pl\/?page_id=319"},"modified":"2024-08-10T10:49:01","modified_gmt":"2024-08-10T08:49:01","slug":"spowiedz","status":"publish","type":"page","link":"https:\/\/parafiaprzyszowa.pl\/index.php\/sakramenty\/spowiedz\/","title":{"rendered":"Pokuta (spowied\u017a)"},"content":{"rendered":"<h3 style=\"text-align: center;\">SPOWIED\u0179<\/h3>\n<h4 style=\"text-align: center;\"><strong>Przyszowa<\/strong><\/h4>\n<p style=\"text-align: center;\">W ko\u015bciele parafialnym spowiadamy codziennie ok. 30 min. przed ka\u017cd\u0105 Msz\u0105 \u015bwi\u0119t\u0105.<\/p>\n<p style=\"text-align: center;\">W pierwsze czwartki oraz pi\u0105tki miesi\u0105ca spowied\u017a od godziny 17:00.<\/p>\n<h4 style=\"text-align: center;\"><strong>Stronie<\/strong><\/h4>\n<p style=\"text-align: center;\">Przed ka\u017cd\u0105 Msz\u0105 \u015awi\u0119t\u0105. W pierwsze czwartki oraz pi\u0105tki miesi\u0105ca spowied\u017a od godziny 16:00.<\/p>\n","protected":false},"excerpt":{"rendered":"<p>SPOWIED\u0179 Przyszowa W ko\u015bciele parafialnym spowiadamy codziennie ok. 30 min. przed ka\u017cd\u0105 Msz\u0105 \u015bwi\u0119t\u0105. W pierwsze czwartki oraz pi\u0105tki miesi\u0105ca spowied\u017a od godziny 17:00. Stronie Przed ka\u017cd\u0105 Msz\u0105 \u015awi\u0119t\u0105. W pierwsze czwartki oraz pi\u0105tki miesi\u0105ca spowied\u017a od godziny 16:00.<\/p>\n","protected":false},"author":1,"featured_media":0,"parent":237,"menu_order":0,"comment_status":"closed","ping_status":"closed","template":"","meta":{"footnotes":""},"class_list":["post-319","page","type-page","status-publish","hentry"],"yoast_head":"<!-- This site is optimized with the Yoast SEO plugin v20.4 - https:\/\/yoast.com\/wordpress\/plugins\/seo\/ -->\n<title>Pokuta (spowied\u017a) - Parafia Przyszowa<\/title>\n<meta name=\"robots\" content=\"index, follow, max-snippet:-1, max-image-preview:large, max-video-preview:-1\" \/>\n<link rel=\"canonical\" href=\"https:\/\/parafiaprzyszowa.pl\/index.php\/sakramenty\/spowiedz\/\" \/>\n<meta property=\"og:locale\" content=\"pl_PL\" \/>\n<meta property=\"og:type\" content=\"article\" \/>\n<meta property=\"og:title\" content=\"Pokuta (spowied\u017a) - Parafia Przyszowa\" \/>\n<meta property=\"og:description\" content=\"SPOWIED\u0179 Przyszowa W ko\u015bciele parafialnym spowiadamy codziennie ok. 30 min. przed ka\u017cd\u0105 Msz\u0105 \u015bwi\u0119t\u0105. W pierwsze czwartki oraz pi\u0105tki miesi\u0105ca spowied\u017a od godziny 17:00. Stronie Przed ka\u017cd\u0105 Msz\u0105 \u015awi\u0119t\u0105. W pierwsze czwartki oraz pi\u0105tki miesi\u0105ca spowied\u017a od godziny 16:00.\" \/>\n<meta property=\"og:url\" content=\"https:\/\/parafiaprzyszowa.pl\/index.php\/sakramenty\/spowiedz\/\" \/>\n<meta property=\"og:site_name\" content=\"Parafia Przyszowa\" \/>\n<meta property=\"article:modified_time\" content=\"2024-08-10T08:49:01+00:00\" \/>\n<meta name=\"twitter:card\" content=\"summary_large_image\" \/>\n<meta name=\"twitter:label1\" content=\"Szacowany czas czytania\" \/>\n\t<meta name=\"twitter:data1\" content=\"1 minuta\" \/>\n<script type=\"application\/ld+json\" class=\"yoast-schema-graph\">{\"@context\":\"https:\/\/schema.org\",\"@graph\":[{\"@type\":\"WebPage\",\"@id\":\"https:\/\/parafiaprzyszowa.pl\/index.php\/sakramenty\/spowiedz\/\",\"url\":\"https:\/\/parafiaprzyszowa.pl\/index.php\/sakramenty\/spowiedz\/\",\"name\":\"Pokuta (spowied\u017a) - Parafia Przyszowa\",\"isPartOf\":{\"@id\":\"https:\/\/parafiaprzyszowa.pl\/#website\"},\"datePublished\":\"2018-11-27T18:34:17+00:00\",\"dateModified\":\"2024-08-10T08:49:01+00:00\",\"breadcrumb\":{\"@id\":\"https:\/\/parafiaprzyszowa.pl\/index.php\/sakramenty\/spowiedz\/#breadcrumb\"},\"inLanguage\":\"pl-PL\",\"potentialAction\":[{\"@type\":\"ReadAction\",\"target\":[\"https:\/\/parafiaprzyszowa.pl\/index.php\/sakramenty\/spowiedz\/\"]}]},{\"@type\":\"BreadcrumbList\",\"@id\":\"https:\/\/parafiaprzyszowa.pl\/index.php\/sakramenty\/spowiedz\/#breadcrumb\",\"itemListElement\":[{\"@type\":\"ListItem\",\"position\":1,\"name\":\"Strona g\u0142\u00f3wna\",\"item\":\"https:\/\/parafiaprzyszowa.pl\/\"},{\"@type\":\"ListItem\",\"position\":2,\"name\":\"Sakramenty\",\"item\":\"https:\/\/parafiaprzyszowa.pl\/index.php\/sakramenty\/\"},{\"@type\":\"ListItem\",\"position\":3,\"name\":\"Pokuta (spowied\u017a)\"}]},{\"@type\":\"WebSite\",\"@id\":\"https:\/\/parafiaprzyszowa.pl\/#website\",\"url\":\"https:\/\/parafiaprzyszowa.pl\/\",\"name\":\"Parafia Przyszowa\",\"description\":\"Oficjalna strona Parafii pw. \u015bw. Miko\u0142aja Biskupa w Przyszowej\",\"potentialAction\":[{\"@type\":\"SearchAction\",\"target\":{\"@type\":\"EntryPoint\",\"urlTemplate\":\"https:\/\/parafiaprzyszowa.pl\/?s={search_term_string}\"},\"query-input\":\"required name=search_term_string\"}],\"inLanguage\":\"pl-PL\"}]}<\/script>\n<!-- \/ Yoast SEO plugin. -->","yoast_head_json":{"title":"Pokuta (spowied\u017a) - Parafia Przyszowa","robots":{"index":"index","follow":"follow","max-snippet":"max-snippet:-1","max-image-preview":"max-image-preview:large","max-video-preview":"max-video-preview:-1"},"canonical":"https:\/\/parafiaprzyszowa.pl\/index.php\/sakramenty\/spowiedz\/","og_locale":"pl_PL","og_type":"article","og_title":"Pokuta (spowied\u017a) - Parafia Przyszowa","og_description":"SPOWIED\u0179 Przyszowa W ko\u015bciele parafialnym spowiadamy codziennie ok. 30 min. przed ka\u017cd\u0105 Msz\u0105 \u015bwi\u0119t\u0105. W pierwsze czwartki oraz pi\u0105tki miesi\u0105ca spowied\u017a od godziny 17:00. Stronie Przed ka\u017cd\u0105 Msz\u0105 \u015awi\u0119t\u0105. W pierwsze czwartki oraz pi\u0105tki miesi\u0105ca spowied\u017a od godziny 16:00.","og_url":"https:\/\/parafiaprzyszowa.pl\/index.php\/sakramenty\/spowiedz\/","og_site_name":"Parafia Przyszowa","article_modified_time":"2024-08-10T08:49:01+00:00","twitter_card":"summary_large_image","twitter_misc":{"Szacowany czas czytania":"1 minuta"},"schema":{"@context":"https:\/\/schema.org","@graph":[{"@type":"WebPage","@id":"https:\/\/parafiaprzyszowa.pl\/index.php\/sakramenty\/spowiedz\/","url":"https:\/\/parafiaprzyszowa.pl\/index.php\/sakramenty\/spowiedz\/","name":"Pokuta (spowied\u017a) - Parafia Przyszowa","isPartOf":{"@id":"https:\/\/parafiaprzyszowa.pl\/#website"},"datePublished":"2018-11-27T18:34:17+00:00","dateModified":"2024-08-10T08:49:01+00:00","breadcrumb":{"@id":"https:\/\/parafiaprzyszowa.pl\/index.php\/sakramenty\/spowiedz\/#breadcrumb"},"inLanguage":"pl-PL","potentialAction":[{"@type":"ReadAction","target":["https:\/\/parafiaprzyszowa.pl\/index.php\/sakramenty\/spowiedz\/"]}]},{"@type":"BreadcrumbList","@id":"https:\/\/parafiaprzyszowa.pl\/index.php\/sakramenty\/spowiedz\/#breadcrumb","itemListElement":[{"@type":"ListItem","position":1,"name":"Strona g\u0142\u00f3wna","item":"https:\/\/parafiaprzyszowa.pl\/"},{"@type":"ListItem","position":2,"name":"Sakramenty","item":"https:\/\/parafiaprzyszowa.pl\/index.php\/sakramenty\/"},{"@type":"ListItem","position":3,"name":"Pokuta (spowied\u017a)"}]},{"@type":"WebSite","@id":"https:\/\/parafiaprzyszowa.pl\/#website","url":"https:\/\/parafiaprzyszowa.pl\/","name":"Parafia Przyszowa","description":"Oficjalna strona Parafii pw. \u015bw. Miko\u0142aja Biskupa w Przyszowej","potentialAction":[{"@type":"SearchAction","target":{"@type":"EntryPoint","urlTemplate":"https:\/\/parafiaprzyszowa.pl\/?s={search_term_string}"},"query-input":"required name=search_term_string"}],"inLanguage":"pl-PL"}]}},"_links":{"self":[{"href":"https:\/\/parafiaprzyszowa.pl\/index.php\/wp-json\/wp\/v2\/pages\/319","targetHints":{"allow":["GET"]}}],"collection":[{"href":"https:\/\/parafiaprzyszowa.pl\/index.php\/wp-json\/wp\/v2\/pages"}],"about":[{"href":"https:\/\/parafiaprzyszowa.pl\/index.php\/wp-json\/wp\/v2\/types\/page"}],"author":[{"embeddable":true,"href":"https:\/\/parafiaprzyszowa.pl\/index.php\/wp-json\/wp\/v2\/users\/1"}],"replies":[{"embeddable":true,"href":"https:\/\/parafiaprzyszowa.pl\/index.php\/wp-json\/wp\/v2\/comments?post=319"}],"version-history":[{"count":3,"href":"https:\/\/parafiaprzyszowa.pl\/index.php\/wp-json\/wp\/v2\/pages\/319\/revisions"}],"predecessor-version":[{"id":5288,"href":"https:\/\/parafiaprzyszowa.pl\/index.php\/wp-json\/wp\/v2\/pages\/319\/revisions\/5288"}],"up":[{"embeddable":true,"href":"https:\/\/parafiaprzyszowa.pl\/index.php\/wp-json\/wp\/v2\/pages\/237"}],"wp:attachment":[{"href":"https:\/\/parafiaprzyszowa.pl\/index.php\/wp-json\/wp\/v2\/media?parent=319"}],"curies":[{"name":"wp","href":"https:\/\/api.w.org\/{rel}","templated":true}]}}