{"id":318,"date":"2018-11-27T19:34:17","date_gmt":"2018-11-27T18:34:17","guid":{"rendered":"https:\/\/parafiaprzyszowa.pl\/?page_id=318"},"modified":"2023-08-12T17:10:36","modified_gmt":"2023-08-12T15:10:36","slug":"pogrzeb-chrzescijanski","status":"publish","type":"page","link":"https:\/\/parafiaprzyszowa.pl\/index.php\/pogrzeb-chrzescijanski\/","title":{"rendered":"Pogrzeb chrze\u015bcija\u0144ski"},"content":{"rendered":"<h4 style=\"text-align: justify;\"><strong>Dokumenty potrzebne do pogrzebu katolickiego:<\/strong><\/h4>\n<ul style=\"text-align: justify;\">\n<li>Dokument z USC przeznaczony dla administracji cmentarza(bez tego dokumentu pogrzeb nie mo\u017ce si\u0119 odby\u0107)<\/li>\n<li style=\"font-weight: 400;\">Za\u015bwiadczenie o przyj\u0119tych sakramentach (spowied\u017a, Komunia \u015bw., namaszczenie) wydane przez duszpasterza lub kapelana szpitala.<\/li>\n<\/ul>\n<p style=\"text-align: justify;\">Zach\u0119camy rodzin\u0119 zmar\u0142ej osoby do przyst\u0105pienia do spowiedzi przed Msz\u0105 \u015bw. pogrzebow\u0105, a w czasie Eucharystii do przyj\u0119cia Komunii \u015bw. w intencji zmar\u0142ego.<\/p>\n<p style=\"text-align: justify;\"><u><\/u><b>Z chwil\u0105 pogrzebu niech nie ko\u0144czy si\u0119 nasza troska o osoby, kt\u00f3re odesz\u0142y. Pami\u0119tajmy o nich w codziennych modlitwach, prosz\u0105c Mi\u0142osiernego Boga, by darowa\u0142 im winy i przyj\u0105\u0142 do chwa\u0142y zbawionych.<\/b><\/p>\n<p style=\"text-align: justify;\"><b>Szczeg\u00f3ln\u0105 pomoc\u0105 dla zmar\u0142ych s\u0105 Msze \u015bw., modlitwy wypominkowe (roczne i listopadowe) oraz zwyczaj odprawiania Mszy \u015awi\u0119tych<\/b>\u00a0<b>gregoria\u0144skich.<\/b><\/p>\n<h3>\u00a0<\/h3>\n<h3>Msze \u015bw. gregoria\u0144skie<\/h3>\n<h4>Z HISTORII<\/h4>\n<p style=\"text-align: justify;\">Msze \u015bw. gregoria\u0144skie wywodz\u0105 swoj\u0105 nazw\u0119 od imienia papie\u017ca \u015bw. Grzegorza Wielkiego (540-604), kt\u00f3ry \u2013 jako opat za\u0142o\u017conego przez siebie klasztoru \u2013 poleci\u0142 odprawianie w takiej formie mszy za zmar\u0142ego mnicha benedykty\u0144skiego imieniem Justus. Po \u015bmierci zakonnika w jego celi znaleziono trzy z\u0142ote monety, kt\u00f3rych ze wzgl\u0119du na \u015blub ub\u00f3stwa nie powinien by\u0142 mie\u0107. Grzegorz, aby pom\u00f3c zmar\u0142emu oczy\u015bci\u0107 si\u0119 po \u015bmierci z powy\u017cszego grzechu, poleci\u0142 odprawienie za niego trzydziestu Mszy \u015bw. \u2013 ka\u017cdego dnia jednej. Po trzydziestu dniach zmar\u0142y Justus ukaza\u0142 si\u0119 w nocy jednemu z braci, m\u00f3wi\u0105c, \u017ce zosta\u0142 uwolniony od wszelkiej kary czy\u015bcowej. Uznano to za znak, \u017ce Msze \u015bw. odnios\u0142y oczekiwany skutek.<u><\/u><u><\/u><br \/>Pod wp\u0142ywem autorytetu Grzegorza \u2013 tak\u017ce jako papie\u017ca \u2013 zwyczaj odprawiania trzydziestu Mszy \u015bw. za osob\u0119 zmar\u0142\u0105 zyskiwa\u0142 swoje miejsce w praktyce religijnej. W Europie rozprzestrzenia\u0142 si\u0119 stopniowo, pocz\u0105wszy od VIII w., najpierw w klasztorach, potem tak\u017ce w innych ko\u015bcio\u0142ach.<\/p>\n<h4>ZNACZENIE<\/h4>\n<p style=\"text-align: justify;\">Msze \u015bw. gregoria\u0144skie s\u0105 najbardziej skutecznym sposobem modlitwy za osoby, kt\u00f3re potrzebuj\u0105 oczyszczenia po \u015bmierci. Praktyka odprawiania Mszy \u015bw. gregoria\u0144skich znalaz\u0142a swoje potwierdzenie przez Stolic\u0119 Apostolsk\u0105 w XIX w. Msze te, podobnie jak pozosta\u0142e intencje mszalne ofiarowane za osoby zmar\u0142e, s\u0105 pro\u015bb\u0105 o uwolnienie zmar\u0142ego od konsekwencji grzechu.<\/p>\n<h4>PRZEPISY PRAWNE<\/h4>\n<p style=\"text-align: justify;\">Istniej\u0105 szczeg\u00f3\u0142owe regulacje ko\u015bcielne dotycz\u0105ce Mszy \u015bw. gregoria\u0144skich, kt\u00f3re okre\u015blaj\u0105 liczb\u0119 Mszy \u015bw. na trzydzie\u015bci odprawianych w trybie ci\u0105g\u0142ym. Wyj\u0105tkami od tej regu\u0142y mog\u0105 by\u0107 nieprzewidziane przeszkody, takie jak np. choroba kap\u0142ana lub celebracja (pogrzeb, \u015blub), kt\u00f3rej odprawienie jest danego dnia konieczne. W takich wypadkach cykl Mszy \u015bw. gregoria\u0144skich zachowuje warto\u015b\u0107, jak\u0105 Ko\u015bci\u00f3\u0142 z nimi \u0142\u0105czy. W wypadku podobnych przeszk\u00f3d ca\u0142y cykl przesuwa si\u0119 o ilo\u015b\u0107 dni, kt\u00f3rych brakuje do pe\u0142nej liczby trzydziestu (<em>por. Deklaracja Kongregacji Soboru z 24 lutego 1967\u00a0r.<\/em>).<u><\/u><u><\/u><br \/>Ponadto okre\u015bla si\u0119 jednoznacznie, \u017ce Msze \u015bw. gregoria\u0144skie mog\u0105 by\u0107 odprawiane za jednego tylko zmar\u0142ego, nigdy za\u015b zbiorowo za kilku zmar\u0142ych. Wskazuje si\u0119 tak\u017ce, i\u017c nie jest konieczne, aby podobne Msze \u015bw. by\u0142y odprawiane zawsze przez tego samego kap\u0142ana lub przy tym samym o\u0142tarzu (ko\u015bciele). Wa\u017cna jest ci\u0105g\u0142o\u015b\u0107 dni. Same natomiast Msze \u015bw. mog\u0105 by\u0107 sprawowane przez wielu ksi\u0119\u017cy i w wielu miejscach. I jeszcze jedno: dwie Msze \u015bw. gregoria\u0144skie tego samego cyklu nie mog\u0105 zosta\u0107 odprawione jednego dnia. Musz\u0105 to by\u0107 dni po sobie nast\u0119puj\u0105ce.<\/p>\n<p>\/Na podst. ks. P Staniszewski, <em>\u015aw. Grzegorz Wielki i Gregorianka<\/em>, Niedziela \u0142owicka 35\/2003\/<\/p>\n<p>\u00a0<\/p>\n","protected":false},"excerpt":{"rendered":"<p>Dokumenty potrzebne do pogrzebu katolickiego: Dokument z USC przeznaczony dla administracji cmentarza(bez tego dokumentu pogrzeb nie mo\u017ce si\u0119 odby\u0107) Za\u015bwiadczenie o przyj\u0119tych sakramentach (spowied\u017a, Komunia \u015bw., namaszczenie) wydane przez duszpasterza lub kapelana szpitala. Zach\u0119camy rodzin\u0119 zmar\u0142ej osoby do przyst\u0105pienia do spowiedzi przed Msz\u0105 \u015bw. pogrzebow\u0105, a w czasie Eucharystii do przyj\u0119cia Komunii \u015bw. w intencji [&hellip;]<\/p>\n","protected":false},"author":1,"featured_media":0,"parent":0,"menu_order":0,"comment_status":"closed","ping_status":"closed","template":"","meta":{"footnotes":""},"class_list":["post-318","page","type-page","status-publish","hentry"],"yoast_head":"<!-- This site is optimized with the Yoast SEO plugin v20.4 - https:\/\/yoast.com\/wordpress\/plugins\/seo\/ -->\n<title>Pogrzeb chrze\u015bcija\u0144ski - Parafia Przyszowa<\/title>\n<meta name=\"robots\" content=\"index, follow, max-snippet:-1, max-image-preview:large, max-video-preview:-1\" \/>\n<link rel=\"canonical\" href=\"https:\/\/parafiaprzyszowa.pl\/index.php\/pogrzeb-chrzescijanski\/\" \/>\n<meta property=\"og:locale\" content=\"pl_PL\" \/>\n<meta property=\"og:type\" content=\"article\" \/>\n<meta property=\"og:title\" content=\"Pogrzeb chrze\u015bcija\u0144ski - Parafia Przyszowa\" \/>\n<meta property=\"og:description\" content=\"Dokumenty potrzebne do pogrzebu katolickiego: Dokument z USC przeznaczony dla administracji cmentarza(bez tego dokumentu pogrzeb nie mo\u017ce si\u0119 odby\u0107) Za\u015bwiadczenie o przyj\u0119tych sakramentach (spowied\u017a, Komunia \u015bw., namaszczenie) wydane przez duszpasterza lub kapelana szpitala. Zach\u0119camy rodzin\u0119 zmar\u0142ej osoby do przyst\u0105pienia do spowiedzi przed Msz\u0105 \u015bw. pogrzebow\u0105, a w czasie Eucharystii do przyj\u0119cia Komunii \u015bw. w intencji [&hellip;]\" \/>\n<meta property=\"og:url\" content=\"https:\/\/parafiaprzyszowa.pl\/index.php\/pogrzeb-chrzescijanski\/\" \/>\n<meta property=\"og:site_name\" content=\"Parafia Przyszowa\" \/>\n<meta property=\"article:modified_time\" content=\"2023-08-12T15:10:36+00:00\" \/>\n<meta name=\"twitter:card\" content=\"summary_large_image\" \/>\n<meta name=\"twitter:label1\" content=\"Szacowany czas czytania\" \/>\n\t<meta name=\"twitter:data1\" content=\"3 minuty\" \/>\n<script type=\"application\/ld+json\" class=\"yoast-schema-graph\">{\"@context\":\"https:\/\/schema.org\",\"@graph\":[{\"@type\":\"WebPage\",\"@id\":\"https:\/\/parafiaprzyszowa.pl\/index.php\/pogrzeb-chrzescijanski\/\",\"url\":\"https:\/\/parafiaprzyszowa.pl\/index.php\/pogrzeb-chrzescijanski\/\",\"name\":\"Pogrzeb chrze\u015bcija\u0144ski - Parafia Przyszowa\",\"isPartOf\":{\"@id\":\"https:\/\/parafiaprzyszowa.pl\/#website\"},\"datePublished\":\"2018-11-27T18:34:17+00:00\",\"dateModified\":\"2023-08-12T15:10:36+00:00\",\"breadcrumb\":{\"@id\":\"https:\/\/parafiaprzyszowa.pl\/index.php\/pogrzeb-chrzescijanski\/#breadcrumb\"},\"inLanguage\":\"pl-PL\",\"potentialAction\":[{\"@type\":\"ReadAction\",\"target\":[\"https:\/\/parafiaprzyszowa.pl\/index.php\/pogrzeb-chrzescijanski\/\"]}]},{\"@type\":\"BreadcrumbList\",\"@id\":\"https:\/\/parafiaprzyszowa.pl\/index.php\/pogrzeb-chrzescijanski\/#breadcrumb\",\"itemListElement\":[{\"@type\":\"ListItem\",\"position\":1,\"name\":\"Strona g\u0142\u00f3wna\",\"item\":\"https:\/\/parafiaprzyszowa.pl\/\"},{\"@type\":\"ListItem\",\"position\":2,\"name\":\"Pogrzeb chrze\u015bcija\u0144ski\"}]},{\"@type\":\"WebSite\",\"@id\":\"https:\/\/parafiaprzyszowa.pl\/#website\",\"url\":\"https:\/\/parafiaprzyszowa.pl\/\",\"name\":\"Parafia Przyszowa\",\"description\":\"Oficjalna strona Parafii pw. \u015bw. Miko\u0142aja Biskupa w Przyszowej\",\"potentialAction\":[{\"@type\":\"SearchAction\",\"target\":{\"@type\":\"EntryPoint\",\"urlTemplate\":\"https:\/\/parafiaprzyszowa.pl\/?s={search_term_string}\"},\"query-input\":\"required name=search_term_string\"}],\"inLanguage\":\"pl-PL\"}]}<\/script>\n<!-- \/ Yoast SEO plugin. -->","yoast_head_json":{"title":"Pogrzeb chrze\u015bcija\u0144ski - Parafia Przyszowa","robots":{"index":"index","follow":"follow","max-snippet":"max-snippet:-1","max-image-preview":"max-image-preview:large","max-video-preview":"max-video-preview:-1"},"canonical":"https:\/\/parafiaprzyszowa.pl\/index.php\/pogrzeb-chrzescijanski\/","og_locale":"pl_PL","og_type":"article","og_title":"Pogrzeb chrze\u015bcija\u0144ski - Parafia Przyszowa","og_description":"Dokumenty potrzebne do pogrzebu katolickiego: Dokument z USC przeznaczony dla administracji cmentarza(bez tego dokumentu pogrzeb nie mo\u017ce si\u0119 odby\u0107) Za\u015bwiadczenie o przyj\u0119tych sakramentach (spowied\u017a, Komunia \u015bw., namaszczenie) wydane przez duszpasterza lub kapelana szpitala. Zach\u0119camy rodzin\u0119 zmar\u0142ej osoby do przyst\u0105pienia do spowiedzi przed Msz\u0105 \u015bw. pogrzebow\u0105, a w czasie Eucharystii do przyj\u0119cia Komunii \u015bw. w intencji [&hellip;]","og_url":"https:\/\/parafiaprzyszowa.pl\/index.php\/pogrzeb-chrzescijanski\/","og_site_name":"Parafia Przyszowa","article_modified_time":"2023-08-12T15:10:36+00:00","twitter_card":"summary_large_image","twitter_misc":{"Szacowany czas czytania":"3 minuty"},"schema":{"@context":"https:\/\/schema.org","@graph":[{"@type":"WebPage","@id":"https:\/\/parafiaprzyszowa.pl\/index.php\/pogrzeb-chrzescijanski\/","url":"https:\/\/parafiaprzyszowa.pl\/index.php\/pogrzeb-chrzescijanski\/","name":"Pogrzeb chrze\u015bcija\u0144ski - Parafia Przyszowa","isPartOf":{"@id":"https:\/\/parafiaprzyszowa.pl\/#website"},"datePublished":"2018-11-27T18:34:17+00:00","dateModified":"2023-08-12T15:10:36+00:00","breadcrumb":{"@id":"https:\/\/parafiaprzyszowa.pl\/index.php\/pogrzeb-chrzescijanski\/#breadcrumb"},"inLanguage":"pl-PL","potentialAction":[{"@type":"ReadAction","target":["https:\/\/parafiaprzyszowa.pl\/index.php\/pogrzeb-chrzescijanski\/"]}]},{"@type":"BreadcrumbList","@id":"https:\/\/parafiaprzyszowa.pl\/index.php\/pogrzeb-chrzescijanski\/#breadcrumb","itemListElement":[{"@type":"ListItem","position":1,"name":"Strona g\u0142\u00f3wna","item":"https:\/\/parafiaprzyszowa.pl\/"},{"@type":"ListItem","position":2,"name":"Pogrzeb chrze\u015bcija\u0144ski"}]},{"@type":"WebSite","@id":"https:\/\/parafiaprzyszowa.pl\/#website","url":"https:\/\/parafiaprzyszowa.pl\/","name":"Parafia Przyszowa","description":"Oficjalna strona Parafii pw. \u015bw. Miko\u0142aja Biskupa w Przyszowej","potentialAction":[{"@type":"SearchAction","target":{"@type":"EntryPoint","urlTemplate":"https:\/\/parafiaprzyszowa.pl\/?s={search_term_string}"},"query-input":"required name=search_term_string"}],"inLanguage":"pl-PL"}]}},"_links":{"self":[{"href":"https:\/\/parafiaprzyszowa.pl\/index.php\/wp-json\/wp\/v2\/pages\/318","targetHints":{"allow":["GET"]}}],"collection":[{"href":"https:\/\/parafiaprzyszowa.pl\/index.php\/wp-json\/wp\/v2\/pages"}],"about":[{"href":"https:\/\/parafiaprzyszowa.pl\/index.php\/wp-json\/wp\/v2\/types\/page"}],"author":[{"embeddable":true,"href":"https:\/\/parafiaprzyszowa.pl\/index.php\/wp-json\/wp\/v2\/users\/1"}],"replies":[{"embeddable":true,"href":"https:\/\/parafiaprzyszowa.pl\/index.php\/wp-json\/wp\/v2\/comments?post=318"}],"version-history":[{"count":5,"href":"https:\/\/parafiaprzyszowa.pl\/index.php\/wp-json\/wp\/v2\/pages\/318\/revisions"}],"predecessor-version":[{"id":5305,"href":"https:\/\/parafiaprzyszowa.pl\/index.php\/wp-json\/wp\/v2\/pages\/318\/revisions\/5305"}],"wp:attachment":[{"href":"https:\/\/parafiaprzyszowa.pl\/index.php\/wp-json\/wp\/v2\/media?parent=318"}],"curies":[{"name":"wp","href":"https:\/\/api.w.org\/{rel}","templated":true}]}}