{"id":314,"date":"2018-11-27T19:34:16","date_gmt":"2018-11-27T18:34:16","guid":{"rendered":"https:\/\/parafiaprzyszowa.pl\/?page_id=314"},"modified":"2023-09-16T20:25:04","modified_gmt":"2023-09-16T18:25:04","slug":"duszpasterze","status":"publish","type":"page","link":"https:\/\/parafiaprzyszowa.pl\/index.php\/duszpasterze\/","title":{"rendered":"Duszpasterze"},"content":{"rendered":"<h2>Duszpasterze<\/h2>\n<p><strong><span style=\"color: #800000;\">ks. Jan Gajda<\/span><br \/>\n<\/strong><strong style=\"font-size: inherit;\"><em>Proboszcz<\/em><br \/>\n<\/strong>data \u015bwi\u0119ce\u0144 26.05.1985<br \/>\nw parafii od 02.04.2006<\/p>\n<p><strong><span style=\"color: #800000;\">ks. Marcin Mastalski<\/span><br \/>\n<\/strong><em><strong>Wikariusz<\/strong><\/em><br \/>\ndata \u015bwi\u0119ce\u0144 30.05.2009<br \/>\nw parafii od 01.09.2020<\/p>\n<p><strong><span style=\"color: #800000;\">ks. Kazimierz Nawalaniec<\/span><br \/>\n<\/strong><strong><em>Pomoc duszpasterska<\/em><br \/>\n<\/strong>data \u015bwi\u0119ce\u0144 25.05.1986<br \/>\nw parafii od 01.09.2023<\/p>\n","protected":false},"excerpt":{"rendered":"<p>Duszpasterze ks. Jan Gajda Proboszcz data \u015bwi\u0119ce\u0144 26.05.1985 w parafii od 02.04.2006 ks. Marcin Mastalski Wikariusz data \u015bwi\u0119ce\u0144 30.05.2009 w parafii od 01.09.2020 ks. Kazimierz Nawalaniec Pomoc duszpasterska data \u015bwi\u0119ce\u0144 25.05.1986 w parafii od 01.09.2023<\/p>\n","protected":false},"author":1,"featured_media":0,"parent":0,"menu_order":0,"comment_status":"closed","ping_status":"closed","template":"","meta":{"footnotes":""},"class_list":["post-314","page","type-page","status-publish","hentry"],"yoast_head":"<!-- This site is optimized with the Yoast SEO plugin v20.4 - https:\/\/yoast.com\/wordpress\/plugins\/seo\/ -->\n<title>Duszpasterze - Parafia Przyszowa<\/title>\n<meta name=\"robots\" content=\"index, follow, max-snippet:-1, max-image-preview:large, max-video-preview:-1\" \/>\n<link rel=\"canonical\" href=\"https:\/\/parafiaprzyszowa.pl\/index.php\/duszpasterze\/\" \/>\n<meta property=\"og:locale\" content=\"pl_PL\" \/>\n<meta property=\"og:type\" content=\"article\" \/>\n<meta property=\"og:title\" content=\"Duszpasterze - Parafia Przyszowa\" \/>\n<meta property=\"og:description\" content=\"Duszpasterze ks. Jan Gajda Proboszcz data \u015bwi\u0119ce\u0144 26.05.1985 w parafii od 02.04.2006 ks. Marcin Mastalski Wikariusz data \u015bwi\u0119ce\u0144 30.05.2009 w parafii od 01.09.2020 ks. Kazimierz Nawalaniec Pomoc duszpasterska data \u015bwi\u0119ce\u0144 25.05.1986 w parafii od 01.09.2023\" \/>\n<meta property=\"og:url\" content=\"https:\/\/parafiaprzyszowa.pl\/index.php\/duszpasterze\/\" \/>\n<meta property=\"og:site_name\" content=\"Parafia Przyszowa\" \/>\n<meta property=\"article:modified_time\" content=\"2023-09-16T18:25:04+00:00\" \/>\n<meta name=\"twitter:card\" content=\"summary_large_image\" \/>\n<meta name=\"twitter:label1\" content=\"Szacowany czas czytania\" \/>\n\t<meta name=\"twitter:data1\" content=\"1 minuta\" \/>\n<script type=\"application\/ld+json\" class=\"yoast-schema-graph\">{\"@context\":\"https:\/\/schema.org\",\"@graph\":[{\"@type\":\"WebPage\",\"@id\":\"https:\/\/parafiaprzyszowa.pl\/index.php\/duszpasterze\/\",\"url\":\"https:\/\/parafiaprzyszowa.pl\/index.php\/duszpasterze\/\",\"name\":\"Duszpasterze - Parafia Przyszowa\",\"isPartOf\":{\"@id\":\"https:\/\/parafiaprzyszowa.pl\/#website\"},\"datePublished\":\"2018-11-27T18:34:16+00:00\",\"dateModified\":\"2023-09-16T18:25:04+00:00\",\"breadcrumb\":{\"@id\":\"https:\/\/parafiaprzyszowa.pl\/index.php\/duszpasterze\/#breadcrumb\"},\"inLanguage\":\"pl-PL\",\"potentialAction\":[{\"@type\":\"ReadAction\",\"target\":[\"https:\/\/parafiaprzyszowa.pl\/index.php\/duszpasterze\/\"]}]},{\"@type\":\"BreadcrumbList\",\"@id\":\"https:\/\/parafiaprzyszowa.pl\/index.php\/duszpasterze\/#breadcrumb\",\"itemListElement\":[{\"@type\":\"ListItem\",\"position\":1,\"name\":\"Strona g\u0142\u00f3wna\",\"item\":\"https:\/\/parafiaprzyszowa.pl\/\"},{\"@type\":\"ListItem\",\"position\":2,\"name\":\"Duszpasterze\"}]},{\"@type\":\"WebSite\",\"@id\":\"https:\/\/parafiaprzyszowa.pl\/#website\",\"url\":\"https:\/\/parafiaprzyszowa.pl\/\",\"name\":\"Parafia Przyszowa\",\"description\":\"Oficjalna strona Parafii pw. \u015bw. Miko\u0142aja Biskupa w Przyszowej\",\"potentialAction\":[{\"@type\":\"SearchAction\",\"target\":{\"@type\":\"EntryPoint\",\"urlTemplate\":\"https:\/\/parafiaprzyszowa.pl\/?s={search_term_string}\"},\"query-input\":\"required name=search_term_string\"}],\"inLanguage\":\"pl-PL\"}]}<\/script>\n<!-- \/ Yoast SEO plugin. -->","yoast_head_json":{"title":"Duszpasterze - Parafia Przyszowa","robots":{"index":"index","follow":"follow","max-snippet":"max-snippet:-1","max-image-preview":"max-image-preview:large","max-video-preview":"max-video-preview:-1"},"canonical":"https:\/\/parafiaprzyszowa.pl\/index.php\/duszpasterze\/","og_locale":"pl_PL","og_type":"article","og_title":"Duszpasterze - Parafia Przyszowa","og_description":"Duszpasterze ks. Jan Gajda Proboszcz data \u015bwi\u0119ce\u0144 26.05.1985 w parafii od 02.04.2006 ks. Marcin Mastalski Wikariusz data \u015bwi\u0119ce\u0144 30.05.2009 w parafii od 01.09.2020 ks. Kazimierz Nawalaniec Pomoc duszpasterska data \u015bwi\u0119ce\u0144 25.05.1986 w parafii od 01.09.2023","og_url":"https:\/\/parafiaprzyszowa.pl\/index.php\/duszpasterze\/","og_site_name":"Parafia Przyszowa","article_modified_time":"2023-09-16T18:25:04+00:00","twitter_card":"summary_large_image","twitter_misc":{"Szacowany czas czytania":"1 minuta"},"schema":{"@context":"https:\/\/schema.org","@graph":[{"@type":"WebPage","@id":"https:\/\/parafiaprzyszowa.pl\/index.php\/duszpasterze\/","url":"https:\/\/parafiaprzyszowa.pl\/index.php\/duszpasterze\/","name":"Duszpasterze - Parafia Przyszowa","isPartOf":{"@id":"https:\/\/parafiaprzyszowa.pl\/#website"},"datePublished":"2018-11-27T18:34:16+00:00","dateModified":"2023-09-16T18:25:04+00:00","breadcrumb":{"@id":"https:\/\/parafiaprzyszowa.pl\/index.php\/duszpasterze\/#breadcrumb"},"inLanguage":"pl-PL","potentialAction":[{"@type":"ReadAction","target":["https:\/\/parafiaprzyszowa.pl\/index.php\/duszpasterze\/"]}]},{"@type":"BreadcrumbList","@id":"https:\/\/parafiaprzyszowa.pl\/index.php\/duszpasterze\/#breadcrumb","itemListElement":[{"@type":"ListItem","position":1,"name":"Strona g\u0142\u00f3wna","item":"https:\/\/parafiaprzyszowa.pl\/"},{"@type":"ListItem","position":2,"name":"Duszpasterze"}]},{"@type":"WebSite","@id":"https:\/\/parafiaprzyszowa.pl\/#website","url":"https:\/\/parafiaprzyszowa.pl\/","name":"Parafia Przyszowa","description":"Oficjalna strona Parafii pw. \u015bw. Miko\u0142aja Biskupa w Przyszowej","potentialAction":[{"@type":"SearchAction","target":{"@type":"EntryPoint","urlTemplate":"https:\/\/parafiaprzyszowa.pl\/?s={search_term_string}"},"query-input":"required name=search_term_string"}],"inLanguage":"pl-PL"}]}},"_links":{"self":[{"href":"https:\/\/parafiaprzyszowa.pl\/index.php\/wp-json\/wp\/v2\/pages\/314","targetHints":{"allow":["GET"]}}],"collection":[{"href":"https:\/\/parafiaprzyszowa.pl\/index.php\/wp-json\/wp\/v2\/pages"}],"about":[{"href":"https:\/\/parafiaprzyszowa.pl\/index.php\/wp-json\/wp\/v2\/types\/page"}],"author":[{"embeddable":true,"href":"https:\/\/parafiaprzyszowa.pl\/index.php\/wp-json\/wp\/v2\/users\/1"}],"replies":[{"embeddable":true,"href":"https:\/\/parafiaprzyszowa.pl\/index.php\/wp-json\/wp\/v2\/comments?post=314"}],"version-history":[{"count":4,"href":"https:\/\/parafiaprzyszowa.pl\/index.php\/wp-json\/wp\/v2\/pages\/314\/revisions"}],"predecessor-version":[{"id":5361,"href":"https:\/\/parafiaprzyszowa.pl\/index.php\/wp-json\/wp\/v2\/pages\/314\/revisions\/5361"}],"wp:attachment":[{"href":"https:\/\/parafiaprzyszowa.pl\/index.php\/wp-json\/wp\/v2\/media?parent=314"}],"curies":[{"name":"wp","href":"https:\/\/api.w.org\/{rel}","templated":true}]}}