{"id":1379,"date":"2019-04-14T18:04:23","date_gmt":"2019-04-14T16:04:23","guid":{"rendered":"http:\/\/parafiaprzyszowa.pl\/?page_id=1379"},"modified":"2019-04-14T18:04:23","modified_gmt":"2019-04-14T16:04:23","slug":"kosciol","status":"publish","type":"page","link":"https:\/\/parafiaprzyszowa.pl\/index.php\/kosciol\/","title":{"rendered":"Ko\u015bci\u00f3\u0142"},"content":{"rendered":"<h2>DZIEJE KO\u015aCIO\u0141A PARAFIALNEGO<\/h2>\n<p>\u00a0 Decyzj\u0119 budowy obecnego Ko\u015bcio\u0142a podj\u0119to w 1899 r. za ks. proboszcza Stanis\u0142awa Grochowskiego. Dawny Ko\u015bci\u00f3\u0142 wybudowany w 1612 r. by\u0142 zupe\u0142nie zniszczony. Jesieni\u0105 1901 r. \u201eza\u0142o\u017cono\u201d fundamenty pod nowy ko\u015bci\u00f3\u0142, kt\u00f3ry projektowa\u0142 prof. Teodor Talowski\u00a0 z Politechniki Lwowskiej. Budowa przebiega\u0142a dzi\u0119ki ofiarno\u015bci parafian oraz pomocy materialnej i moralnej kolatora ko\u015bcio\u0142a J\u00f3zefa \u017buk-Skarszewskiego i jego syna\u00a0 Adama. Skarszewscy byli prawdziwymi opiekunami i dobrodziejami ko\u015bcio\u0142a w nast\u0119pnych dziesi\u0119cioleciach. \u00a0\u00a0\u00a0\u00a0\u00a0\u00a0\u00a0\u00a0\u00a0 <\/p>\n<p>\u00a0\u00a0\u00a0W 1904 r. mury budowli wyci\u0105gni\u0119to pod \u201e glejch\u0119 i wystawiono facyat\u0119 ko\u015bcio\u0142a wraz z\u00a0 rze\u017ab\u0105 Chrystusa\u201d. Po\u0142o\u017cono r\u00f3wnie\u017c dach, kt\u00f3ry robi\u0142 Jan \u015amierciak, miejscowy cie\u015bla. Prace trwa\u0142y nieustannie, a\u017c 18 stycznia\u00a0<\/p>\n<p><img loading=\"lazy\" decoding=\"async\" src=\"http:\/\/parafiaprzyszowa.pl\/wp-content\/uploads\/2018\/12\/Ko\u015bci\u00f3\u0142_001-300x176.jpg\" alt=\"\" width=\"421\" height=\"247\" \/><\/p>\n<p>1906 r. \u201eku niezmiernej rado\u015bci parafian dokonano po\u015bwi\u0119cenia \u015bwi\u0105tyni, najpi\u0119kniejszej w ca\u0142ej okolicy\u201d. W tym te\u017c roku rozebrano stary ko\u015bci\u00f3\u0142 po uprzednim\u00a0wykonaniu dokumentacji fotograficznej. <\/p>\n<p>\u00a0 \u00a0W 1908 r. \u015bwi\u0105tynia wzbogaci\u0142a si\u0119 o dwa nowe o\u0142tarze projektu prof. Talowskiego \u2013 Naj\u015bwi\u0119tszego Serca Pana Jezusa i Matki Boskiej wykonane przez rze\u017abiarza Wojciecha Samka z Bochni.<\/p>\n<p>\u00a0 \u00a0W o\u0142tarzu Naj\u015bwi\u0119tszej Marii Panny umieszczono s\u0142yn\u0105cy \u0142askami obraz Wspomo\u017cenia Wiernych, przeniesiony ze starego ko\u015bcio\u0142a. Obraz czczony jest od XVI w. jako ten \u201esk\u0105d wszelkiej pomocy doznawali\u201d. Istnieje wiele zapis\u00f3w o cudownych uzdrowieniach i wstawiennictwie Matki Boskiej Wspomo\u017cenia Wiernych. <\/p>\n<p>\u00a0\u00a0 W 1913 r. ksi\u0105dz biskup Leon Wa\u0142\u0119ga dokona\u0142 konsekracji ko\u015bcio\u0142a. W 1919 r. probostwo obj\u0105\u0142 ks. Teofil Stawarz, kt\u00f3ry dba\u0142 o dalsze wyposa\u017cenie ko\u015bcio\u0142a . Ze sk\u0142adek parafianie \u201esprawili\u201d 2 du\u017ce dzwony, sygnaturk\u0119, balaski przed wielkim o\u0142tarzem, kt\u00f3ry przeniesiony by\u0142 ze starego ko\u015bcio\u0142a,\u00a0 a p. Adam \u017buk-Skarszewski wyrze\u017abi\u0142 \u0142awki kolatorskie. \u00a0\u00a0\u00a0\u00a0\u00a0\u00a0\u00a0 W 1936 r. podj\u0119to przygotowania i finanse do malowania ko\u015bcio\u0142a. Parafianie \u201eob\u0142o\u017cyli si\u0119\u201d dobrowolnym podatkiem na ten cel. Prace malarskie prowadzi\u0142 Adam Miksz z \u017bywca. Polichromia\u00a0 wykonana pocz\u0105tkowo kazein\u0105, potem temper\u0105. \u00a0\u00a0\u00a0\u00a0\u00a0 W 1939 r. doko\u0144czono malowanie ko\u015bcio\u0142a w ca\u0142o\u015bci, wyz\u0142ocono obraz Matki Boskiej, ambon\u0119, wykonano t\u0119cz\u0119 na arkadzie prezbiterium oraz rozpocz\u0119to prace nad przygotowaniem o\u0142tarza g\u0142\u00f3wnego. W 1938 r. przyby\u0142 na nasz\u0105 parafi\u0119 ks. Jan Dubiel, kt\u00f3ry za g\u0142\u00f3wn\u0105 zasad\u0119 swojej pracy przyj\u0105\u0142, \u201e\u017ce w ka\u017cdym roku co\u015b trwa\u0142ego sprawimy lub wykonamy dla ko\u015bcio\u0142a\u201d.\u00a0 Mimo trwaj\u0105cej wojny wci\u0105\u017c prowadzono prace przy ko\u015bciele, cmentarzu czy plebani.\u00a0<\/p>\n<p><img loading=\"lazy\" decoding=\"async\" src=\"https:\/\/parafiaprzyszowa.pl\/wp-content\/uploads\/2018\/11\/DSC_0534-e1543345081430.jpg\" alt=\"\" width=\"347\" height=\"521\" \/><\/p>\n<p>\u00a0\u00a0 W 1953 r. rozpocz\u0119to budow\u0119 \u201eWielkiego O\u0142tarza\u201d, kt\u00f3rego projekt wykona\u0142 prof. Czes\u0142aw Lenczowski\u00a0 ze Starego S\u0105cza. O\u0142tarz zaprojektowany by\u0142 w stylu neogotyckim jako tryptyk w formie gotyckiej monstrancji z drzewa d\u0119bowego bogato z\u0142ocony. Jako g\u0142\u00f3wny obraz w o\u0142tarzu jest Pan Jezus na Krzy\u017cu, kt\u00f3ry by\u0142 \u201e na wielkim o\u0142tarzu w starym ko\u015bciele\u201d; przed krzy\u017cem jest zasuwa, na kt\u00f3rej wymalowany jest \u015bw. Miko\u0142aj patron ko\u015bcio\u0142a wg wzoru, jaki jest na grobie \u015bw. Miko\u0142aja we W\u0142oszech. Nad krzy\u017cem jest p\u0142askorze\u017aba, przedstawiaj\u0105ca Boga Ojca i Ducha \u015bw. w otoczeniu anio\u0142\u00f3w. We wn\u0119kach z prawej strony jest figura \u015bw. J\u00f3zefa opiekuna Pana Jezusa, a z lewej figura \u015bw. Jana Chrzciciela. Projekt zosta\u0142 zatwierdzony przez komisj\u0119 Kurii Diecezjalnej. Roboty stolarskie i snycerskie \u201eprowadzi\u0142 z wielk\u0105 staranno\u015bci\u0105 i talentem\u201d Feliks Ward\u0119ga ze Stronia, kt\u00f3re uko\u0144czono w sierpniu 1955 r. Nale\u017cy tu\u00a0 wspomnie\u0107\u00a0 parafianina\u00a0 Jana Caba\u0142\u0119 mieszkaj\u0105cego w Ameryce, kt\u00f3ry zobowi\u0105za\u0142 si\u0119 sfinansowa\u0107 wielki\u00a0o\u0142tarz do ko\u015bcio\u0142a i \u201ew du\u017cej cz\u0119\u015bci dokona\u0142 tego\u201d. W roku 1956 na fasadzie zainstalowano zegar wie\u017cowy, a nast\u0119pnie nowe, 22 g\u0142osowe\u00a0 \u00a0organy.<\/p>\n<p>\u00a0\u00a0 W maju 1962 r. podj\u0119to decyzj\u0119 o konserwacji XIV wiecznej \u201estaro\u017cytnej figury przyszowskiej \u201e Madonna z Dzieci\u0105tkiem\u201d, kt\u00f3rej kopia obecna jest w bocznym o\u0142tarzu \u201e jako kr\u00f3lowa naszych rodzin po wieczne czasy\u201d. <\/p>\n<p>\u00a0 6 sierpnia 1967 r. odby\u0142 si\u0119 po raz pierwszy odpust na \u015bwi\u0119to \u201ePrzemienienia Pa\u0144skiego\u201d, gdy\u017c \u201e wierni maj\u0105 tu wielkie nabo\u017ce\u0144stwo do s\u0142yn\u0105cego od wiek\u00f3w \u0142askami obrazu Przemienienia Pa\u0144skiego\u201d. Tak wi\u0119c parafia ma teraz 2 odpusty: jeden w lecie 6 sierpnia, drugi w zimie w uroczysto\u015b\u0107 \u015bw. Miko\u0142aja, kt\u00f3ry by\u0142 patronem starych ko\u015bcio\u0142\u00f3w przyszowskich. Lata 1963 \u2013 1975 to czas gospodarowania na parafii ks. Jakuba Topolskiego, kt\u00f3ry pracowa\u0142\u00a0 \u201e w wielkim trudzie i znoju\u201d a jego g\u0142\u00f3wn\u0105 trosk\u0105\u00a0 by\u0142a ochrona ko\u015bcio\u0142a przed rzek\u0105, \u201ekt\u00f3rej pr\u0105d skierowa\u0142 si\u0119 na ko\u015bci\u00f3\u0142\u201d. Jego prace kontynuowa\u0142\u00a0 proboszcz ks. Marian Koterba. Jego staraniem i ofiarno\u015bci\u0105 parafian w 1984 r. zakupiono 2 dzwony: jeden po\u015bwi\u0119cony Naj\u015bwi\u0119tszej Marii Pannie &#8211; patronce diecezji ; drugi wybitnemu proboszczowi Janowi Dubielowi. W 1986 r. do prezbiterium wstawiono nowy o\u0142tarz\u00a0 \u201e twarz\u0105 do wiernych\u201d oraz ambonk\u0119 dostosowana stylowo do starego o\u0142tarza. <\/p>\n<p>\u00a0 \u00a0 W latach nast\u0119pnych zmieniono pokrycie dachowe na blach\u0119 miedzian\u0105. <\/p>\n<p>\u00a0 \u00a0 Od 1995 r. podj\u0119to remont \u015bwi\u0105tyni, \u201e wszystkie ceg\u0142y zniszczone wymieniono\u201d i sukcesywnie prowadzono kolejne prace. <\/p>\n<p>\u00a0 \u00a0 W 1998 dokonano konserwacji obrazu Matki Boskiej Wspomo\u017cenia Wiernych. Pod drewnian\u0105 sukienk\u0105 odkryto pierwsze, bardzo pi\u0119kne malowid\u0142o. <\/p>\n<p>\u00a0\u00a0\u00a0\u00a0W 2004 r. przyst\u0105piono do konserwacji o\u0142tarzy barokowych oraz rozpocz\u0119to malowanie kaplic, kt\u00f3re zapocz\u0105tkowa\u0142o remont i malowanie ko\u015bcio\u0142a. Prace przy renowacji polichromii by\u0142y prowadzone dzi\u0119ki ogromnemu zaanga\u017cowaniu obecnego ks. proboszcza Jana Gajdy oraz ofiarno\u015bci przyszowskich parafian.<\/p>\n","protected":false},"excerpt":{"rendered":"<p>DZIEJE KO\u015aCIO\u0141A PARAFIALNEGO \u00a0 Decyzj\u0119 budowy obecnego Ko\u015bcio\u0142a podj\u0119to w 1899 r. za ks. proboszcza Stanis\u0142awa Grochowskiego. Dawny Ko\u015bci\u00f3\u0142 wybudowany w 1612 r. by\u0142 zupe\u0142nie zniszczony. Jesieni\u0105 1901 r. \u201eza\u0142o\u017cono\u201d fundamenty pod nowy ko\u015bci\u00f3\u0142, kt\u00f3ry projektowa\u0142 prof. Teodor Talowski\u00a0 z Politechniki Lwowskiej. Budowa przebiega\u0142a dzi\u0119ki ofiarno\u015bci parafian oraz pomocy materialnej i moralnej kolatora ko\u015bcio\u0142a J\u00f3zefa [&hellip;]<\/p>\n","protected":false},"author":1,"featured_media":0,"parent":0,"menu_order":0,"comment_status":"closed","ping_status":"closed","template":"","meta":{"footnotes":""},"class_list":["post-1379","page","type-page","status-publish","hentry"],"yoast_head":"<!-- This site is optimized with the Yoast SEO plugin v20.4 - https:\/\/yoast.com\/wordpress\/plugins\/seo\/ -->\n<title>Ko\u015bci\u00f3\u0142 - Parafia Przyszowa<\/title>\n<meta name=\"robots\" content=\"index, follow, max-snippet:-1, max-image-preview:large, max-video-preview:-1\" \/>\n<link rel=\"canonical\" href=\"https:\/\/parafiaprzyszowa.pl\/index.php\/kosciol\/\" \/>\n<meta property=\"og:locale\" content=\"pl_PL\" \/>\n<meta property=\"og:type\" content=\"article\" \/>\n<meta property=\"og:title\" content=\"Ko\u015bci\u00f3\u0142 - Parafia Przyszowa\" \/>\n<meta property=\"og:description\" content=\"DZIEJE KO\u015aCIO\u0141A PARAFIALNEGO \u00a0 Decyzj\u0119 budowy obecnego Ko\u015bcio\u0142a podj\u0119to w 1899 r. za ks. proboszcza Stanis\u0142awa Grochowskiego. Dawny Ko\u015bci\u00f3\u0142 wybudowany w 1612 r. by\u0142 zupe\u0142nie zniszczony. Jesieni\u0105 1901 r. \u201eza\u0142o\u017cono\u201d fundamenty pod nowy ko\u015bci\u00f3\u0142, kt\u00f3ry projektowa\u0142 prof. Teodor Talowski\u00a0 z Politechniki Lwowskiej. Budowa przebiega\u0142a dzi\u0119ki ofiarno\u015bci parafian oraz pomocy materialnej i moralnej kolatora ko\u015bcio\u0142a J\u00f3zefa [&hellip;]\" \/>\n<meta property=\"og:url\" content=\"https:\/\/parafiaprzyszowa.pl\/index.php\/kosciol\/\" \/>\n<meta property=\"og:site_name\" content=\"Parafia Przyszowa\" \/>\n<meta property=\"og:image\" content=\"http:\/\/parafiaprzyszowa.pl\/wp-content\/uploads\/2018\/12\/Ko\u015bci\u00f3\u0142_001-300x176.jpg\" \/>\n<meta name=\"twitter:card\" content=\"summary_large_image\" \/>\n<meta name=\"twitter:label1\" content=\"Szacowany czas czytania\" \/>\n\t<meta name=\"twitter:data1\" content=\"5 minut\" \/>\n<script type=\"application\/ld+json\" class=\"yoast-schema-graph\">{\"@context\":\"https:\/\/schema.org\",\"@graph\":[{\"@type\":\"WebPage\",\"@id\":\"https:\/\/parafiaprzyszowa.pl\/index.php\/kosciol\/\",\"url\":\"https:\/\/parafiaprzyszowa.pl\/index.php\/kosciol\/\",\"name\":\"Ko\u015bci\u00f3\u0142 - Parafia Przyszowa\",\"isPartOf\":{\"@id\":\"https:\/\/parafiaprzyszowa.pl\/#website\"},\"datePublished\":\"2019-04-14T16:04:23+00:00\",\"dateModified\":\"2019-04-14T16:04:23+00:00\",\"breadcrumb\":{\"@id\":\"https:\/\/parafiaprzyszowa.pl\/index.php\/kosciol\/#breadcrumb\"},\"inLanguage\":\"pl-PL\",\"potentialAction\":[{\"@type\":\"ReadAction\",\"target\":[\"https:\/\/parafiaprzyszowa.pl\/index.php\/kosciol\/\"]}]},{\"@type\":\"BreadcrumbList\",\"@id\":\"https:\/\/parafiaprzyszowa.pl\/index.php\/kosciol\/#breadcrumb\",\"itemListElement\":[{\"@type\":\"ListItem\",\"position\":1,\"name\":\"Strona g\u0142\u00f3wna\",\"item\":\"https:\/\/parafiaprzyszowa.pl\/\"},{\"@type\":\"ListItem\",\"position\":2,\"name\":\"Ko\u015bci\u00f3\u0142\"}]},{\"@type\":\"WebSite\",\"@id\":\"https:\/\/parafiaprzyszowa.pl\/#website\",\"url\":\"https:\/\/parafiaprzyszowa.pl\/\",\"name\":\"Parafia Przyszowa\",\"description\":\"Oficjalna strona Parafii pw. \u015bw. Miko\u0142aja Biskupa w Przyszowej\",\"potentialAction\":[{\"@type\":\"SearchAction\",\"target\":{\"@type\":\"EntryPoint\",\"urlTemplate\":\"https:\/\/parafiaprzyszowa.pl\/?s={search_term_string}\"},\"query-input\":\"required name=search_term_string\"}],\"inLanguage\":\"pl-PL\"}]}<\/script>\n<!-- \/ Yoast SEO plugin. -->","yoast_head_json":{"title":"Ko\u015bci\u00f3\u0142 - Parafia Przyszowa","robots":{"index":"index","follow":"follow","max-snippet":"max-snippet:-1","max-image-preview":"max-image-preview:large","max-video-preview":"max-video-preview:-1"},"canonical":"https:\/\/parafiaprzyszowa.pl\/index.php\/kosciol\/","og_locale":"pl_PL","og_type":"article","og_title":"Ko\u015bci\u00f3\u0142 - Parafia Przyszowa","og_description":"DZIEJE KO\u015aCIO\u0141A PARAFIALNEGO \u00a0 Decyzj\u0119 budowy obecnego Ko\u015bcio\u0142a podj\u0119to w 1899 r. za ks. proboszcza Stanis\u0142awa Grochowskiego. Dawny Ko\u015bci\u00f3\u0142 wybudowany w 1612 r. by\u0142 zupe\u0142nie zniszczony. Jesieni\u0105 1901 r. \u201eza\u0142o\u017cono\u201d fundamenty pod nowy ko\u015bci\u00f3\u0142, kt\u00f3ry projektowa\u0142 prof. Teodor Talowski\u00a0 z Politechniki Lwowskiej. Budowa przebiega\u0142a dzi\u0119ki ofiarno\u015bci parafian oraz pomocy materialnej i moralnej kolatora ko\u015bcio\u0142a J\u00f3zefa [&hellip;]","og_url":"https:\/\/parafiaprzyszowa.pl\/index.php\/kosciol\/","og_site_name":"Parafia Przyszowa","og_image":[{"url":"http:\/\/parafiaprzyszowa.pl\/wp-content\/uploads\/2018\/12\/Ko\u015bci\u00f3\u0142_001-300x176.jpg"}],"twitter_card":"summary_large_image","twitter_misc":{"Szacowany czas czytania":"5 minut"},"schema":{"@context":"https:\/\/schema.org","@graph":[{"@type":"WebPage","@id":"https:\/\/parafiaprzyszowa.pl\/index.php\/kosciol\/","url":"https:\/\/parafiaprzyszowa.pl\/index.php\/kosciol\/","name":"Ko\u015bci\u00f3\u0142 - Parafia Przyszowa","isPartOf":{"@id":"https:\/\/parafiaprzyszowa.pl\/#website"},"datePublished":"2019-04-14T16:04:23+00:00","dateModified":"2019-04-14T16:04:23+00:00","breadcrumb":{"@id":"https:\/\/parafiaprzyszowa.pl\/index.php\/kosciol\/#breadcrumb"},"inLanguage":"pl-PL","potentialAction":[{"@type":"ReadAction","target":["https:\/\/parafiaprzyszowa.pl\/index.php\/kosciol\/"]}]},{"@type":"BreadcrumbList","@id":"https:\/\/parafiaprzyszowa.pl\/index.php\/kosciol\/#breadcrumb","itemListElement":[{"@type":"ListItem","position":1,"name":"Strona g\u0142\u00f3wna","item":"https:\/\/parafiaprzyszowa.pl\/"},{"@type":"ListItem","position":2,"name":"Ko\u015bci\u00f3\u0142"}]},{"@type":"WebSite","@id":"https:\/\/parafiaprzyszowa.pl\/#website","url":"https:\/\/parafiaprzyszowa.pl\/","name":"Parafia Przyszowa","description":"Oficjalna strona Parafii pw. \u015bw. Miko\u0142aja Biskupa w Przyszowej","potentialAction":[{"@type":"SearchAction","target":{"@type":"EntryPoint","urlTemplate":"https:\/\/parafiaprzyszowa.pl\/?s={search_term_string}"},"query-input":"required name=search_term_string"}],"inLanguage":"pl-PL"}]}},"_links":{"self":[{"href":"https:\/\/parafiaprzyszowa.pl\/index.php\/wp-json\/wp\/v2\/pages\/1379","targetHints":{"allow":["GET"]}}],"collection":[{"href":"https:\/\/parafiaprzyszowa.pl\/index.php\/wp-json\/wp\/v2\/pages"}],"about":[{"href":"https:\/\/parafiaprzyszowa.pl\/index.php\/wp-json\/wp\/v2\/types\/page"}],"author":[{"embeddable":true,"href":"https:\/\/parafiaprzyszowa.pl\/index.php\/wp-json\/wp\/v2\/users\/1"}],"replies":[{"embeddable":true,"href":"https:\/\/parafiaprzyszowa.pl\/index.php\/wp-json\/wp\/v2\/comments?post=1379"}],"version-history":[{"count":0,"href":"https:\/\/parafiaprzyszowa.pl\/index.php\/wp-json\/wp\/v2\/pages\/1379\/revisions"}],"wp:attachment":[{"href":"https:\/\/parafiaprzyszowa.pl\/index.php\/wp-json\/wp\/v2\/media?parent=1379"}],"curies":[{"name":"wp","href":"https:\/\/api.w.org\/{rel}","templated":true}]}}