{"id":1376,"date":"2019-04-14T18:00:38","date_gmt":"2019-04-14T16:00:38","guid":{"rendered":"http:\/\/parafiaprzyszowa.pl\/?page_id=1376"},"modified":"2019-04-14T18:00:38","modified_gmt":"2019-04-14T16:00:38","slug":"zabytki","status":"publish","type":"page","link":"https:\/\/parafiaprzyszowa.pl\/index.php\/zabytki\/","title":{"rendered":"Zabytki"},"content":{"rendered":"<h2>Zabytki<\/h2>\n<p>\u00a0Przyszowa znana jest przede wszystkim z przepi\u0119knego <b>ko\u015bcio\u0142a parafialnego pw. \u015awi\u0119tego Miko\u0142aja Biskupa<\/b>, kt\u00f3remu po\u015bwi\u0119cona zosta\u0142a osobna strona, jednak\u017ce na uwag\u0119 zas\u0142uguj\u0105 r\u00f3wnie\u017c inne zabytki w miejscowo\u015bci. \u00a0<\/p>\n<p>\u00a0Jednym z najstarszych obiekt\u00f3w w Przyszowej jest <b>\u015bredniowieczny zamek<\/b>, a raczej pozosta\u0142y po nim wa\u0142 ziemny oraz sucha fosa, znajduj\u0105cy si\u0119 na g\u00f3rze \u0141y\u017cka (zwanej tak\u017ce \u0141ysk\u0105 lub Wy\u017ck\u0105). Obiekt ten pe\u0142ni\u0142 funkcj\u0119 obronn\u0105 i w <i>Katalogu grodzisk i zamczysk w Karpatach<sup>1<\/sup><\/i> zosta\u0142 zakwalifikowany jako zamek. Na temat budowli na \u0141y\u017cce kr\u0105\u017c\u0105 legendy, a jedna z nich m\u00f3wi o ukryciu skarbu przez \u015awi\u0119t\u0105 King\u0119, kiedy to mia\u0142a ona uchodzi\u0107 przed Tatarami. Jak g\u0142osi wie\u015b\u0107, Kinga uciekaj\u0105c w po\u015bpiechu zgubi\u0142a srebrn\u0105 \u0142y\u017ceczk\u0119 i w\u0142a\u015bnie od niej powsta\u0142a nazwa wzniesienia. Zamek nadal kryje wiele tajemnic, jak cho\u0107by niezbadane dot\u0105d lochy. <\/p>\n<p>\u00a0Pisz\u0105c o przyszowskich zabytkach nie mo\u017cna zapomnie\u0107 o <b>dworze rodziny \u017buk \u2013 Skarszewskich herbu Na\u0142\u0119cz<\/b>. Zosta\u0142 on wybudowany na prze\u0142omie XVI i XVII wieku (oko\u0142o roku 1580), przez \u00f3wczesnego dziedzica Przyszowej Andrzeja Wierzbi\u0119ty. W p\u00f3\u017aniejszym okresie dw\u00f3r sta\u0142 si\u0119 w\u0142asno\u015bci\u0105 rycerskiego rodu Dunin \u2013 W\u0105sowicz\u00f3w, a\u017c w roku 1683 zosta\u0142 sprzedany pochodz\u0105cemu z Podola Aleksandrowi \u017buk \u2013 Skarszewskiemu, kt\u00f3ry zapocz\u0105tkowa\u0142 nowy r\u00f3d dziedzic\u00f3w Przyszowej.<sup>2<\/sup> Budynek zosta\u0142 usytuowany na skarpie w otoczeniu drzew, g\u0142\u00f3wnie d\u0119b\u00f3w, z dziedzi\u0144cem od strony zachodniej. Przez wieki by\u0142 o\u015brodkiem kulturalnym i gospodarczym Przyszowej, jak r\u00f3wnie\u017c okolicznych wsi. Wskutek dzia\u0142a\u0144 wojennych w 1914 roku zniszczona zosta\u0142a baszta budynku, a w wyniku up\u0142ywu czasu zniszcza\u0142 r\u00f3wnie\u017c szesnastowieczny, drewniany lamus dworski. Po drugiej wojnie \u015bwiatowej dw\u00f3r poddany zosta\u0142 parcelacji. Utworzono w nim szko\u0142\u0119 podstawow\u0105.<sup>3<\/sup> W roku 1997 dw\u00f3r powr\u00f3ci\u0142 do rodziny \u017buk \u2013 Skarszewskich, kt\u00f3rzy zamieszkali w nim po gruntownym remoncie w 2005 roku. Dw\u00f3r stanowi budynek mieszkalny i uznawany jest jako zabytek oraz miejsce pami\u0119ci. <\/p>\n<p>\u00a0Na terenie Przyszowej w XIX wieku opr\u00f3cz dworu \u017buk \u2013 Skarszewskich istnia\u0142y mniejsze \u201edworki\u201d, miedzy innymi dworek rodzinny Tytusa Czy\u017cewskiego w przysi\u00f3\u0142ku Berdych\u00f3w. Niestety \u017caden z nich nie zachowa\u0142 si\u0119 do dnia dzisiejszego.<sup>4<\/sup><\/p>\n<p>\u00a0<\/p>\n<hr \/>\n<p><sup>1<\/sup> J. Marsza\u0142ek, Katalog grodzisk i zamczysk w Karpatach, Warszawa 1993.<br \/><sup>2<\/sup> M. Rai\u0144ska, Dwory Ma\u0142opolski w fotografii archiwalnej, Warszawa 2017.<br \/><sup>3<\/sup> G. Dro\u017cd\u017c-K\u0119ska, Z dziej\u00f3w rodu \u017buk-Skarszewskich herbu Na\u0142\u0119cz z Przyszowej, [w:] Almanach Ziemi Limanowskiej, 2003, nr 12, s. 11-13.<br \/><sup>4<\/sup> J. Wielek, Limanowa i okolice. Przewodnik, Warszawa 1987.<\/p>\n","protected":false},"excerpt":{"rendered":"<p>Zabytki \u00a0Przyszowa znana jest przede wszystkim z przepi\u0119knego ko\u015bcio\u0142a parafialnego pw. \u015awi\u0119tego Miko\u0142aja Biskupa, kt\u00f3remu po\u015bwi\u0119cona zosta\u0142a osobna strona, jednak\u017ce na uwag\u0119 zas\u0142uguj\u0105 r\u00f3wnie\u017c inne zabytki w miejscowo\u015bci. \u00a0 \u00a0Jednym z najstarszych obiekt\u00f3w w Przyszowej jest \u015bredniowieczny zamek, a raczej pozosta\u0142y po nim wa\u0142 ziemny oraz sucha fosa, znajduj\u0105cy si\u0119 na g\u00f3rze \u0141y\u017cka (zwanej tak\u017ce [&hellip;]<\/p>\n","protected":false},"author":1,"featured_media":0,"parent":0,"menu_order":0,"comment_status":"closed","ping_status":"closed","template":"","meta":{"footnotes":""},"class_list":["post-1376","page","type-page","status-publish","hentry"],"yoast_head":"<!-- This site is optimized with the Yoast SEO plugin v20.4 - https:\/\/yoast.com\/wordpress\/plugins\/seo\/ -->\n<title>Zabytki - Parafia Przyszowa<\/title>\n<meta name=\"robots\" content=\"index, follow, max-snippet:-1, max-image-preview:large, max-video-preview:-1\" \/>\n<link rel=\"canonical\" href=\"https:\/\/parafiaprzyszowa.pl\/index.php\/zabytki\/\" \/>\n<meta property=\"og:locale\" content=\"pl_PL\" \/>\n<meta property=\"og:type\" content=\"article\" \/>\n<meta property=\"og:title\" content=\"Zabytki - Parafia Przyszowa\" \/>\n<meta property=\"og:description\" content=\"Zabytki \u00a0Przyszowa znana jest przede wszystkim z przepi\u0119knego ko\u015bcio\u0142a parafialnego pw. \u015awi\u0119tego Miko\u0142aja Biskupa, kt\u00f3remu po\u015bwi\u0119cona zosta\u0142a osobna strona, jednak\u017ce na uwag\u0119 zas\u0142uguj\u0105 r\u00f3wnie\u017c inne zabytki w miejscowo\u015bci. \u00a0 \u00a0Jednym z najstarszych obiekt\u00f3w w Przyszowej jest \u015bredniowieczny zamek, a raczej pozosta\u0142y po nim wa\u0142 ziemny oraz sucha fosa, znajduj\u0105cy si\u0119 na g\u00f3rze \u0141y\u017cka (zwanej tak\u017ce [&hellip;]\" \/>\n<meta property=\"og:url\" content=\"https:\/\/parafiaprzyszowa.pl\/index.php\/zabytki\/\" \/>\n<meta property=\"og:site_name\" content=\"Parafia Przyszowa\" \/>\n<meta name=\"twitter:card\" content=\"summary_large_image\" \/>\n<meta name=\"twitter:label1\" content=\"Szacowany czas czytania\" \/>\n\t<meta name=\"twitter:data1\" content=\"2 minuty\" \/>\n<script type=\"application\/ld+json\" class=\"yoast-schema-graph\">{\"@context\":\"https:\/\/schema.org\",\"@graph\":[{\"@type\":\"WebPage\",\"@id\":\"https:\/\/parafiaprzyszowa.pl\/index.php\/zabytki\/\",\"url\":\"https:\/\/parafiaprzyszowa.pl\/index.php\/zabytki\/\",\"name\":\"Zabytki - Parafia Przyszowa\",\"isPartOf\":{\"@id\":\"https:\/\/parafiaprzyszowa.pl\/#website\"},\"datePublished\":\"2019-04-14T16:00:38+00:00\",\"dateModified\":\"2019-04-14T16:00:38+00:00\",\"breadcrumb\":{\"@id\":\"https:\/\/parafiaprzyszowa.pl\/index.php\/zabytki\/#breadcrumb\"},\"inLanguage\":\"pl-PL\",\"potentialAction\":[{\"@type\":\"ReadAction\",\"target\":[\"https:\/\/parafiaprzyszowa.pl\/index.php\/zabytki\/\"]}]},{\"@type\":\"BreadcrumbList\",\"@id\":\"https:\/\/parafiaprzyszowa.pl\/index.php\/zabytki\/#breadcrumb\",\"itemListElement\":[{\"@type\":\"ListItem\",\"position\":1,\"name\":\"Strona g\u0142\u00f3wna\",\"item\":\"https:\/\/parafiaprzyszowa.pl\/\"},{\"@type\":\"ListItem\",\"position\":2,\"name\":\"Zabytki\"}]},{\"@type\":\"WebSite\",\"@id\":\"https:\/\/parafiaprzyszowa.pl\/#website\",\"url\":\"https:\/\/parafiaprzyszowa.pl\/\",\"name\":\"Parafia Przyszowa\",\"description\":\"Oficjalna strona Parafii pw. \u015bw. Miko\u0142aja Biskupa w Przyszowej\",\"potentialAction\":[{\"@type\":\"SearchAction\",\"target\":{\"@type\":\"EntryPoint\",\"urlTemplate\":\"https:\/\/parafiaprzyszowa.pl\/?s={search_term_string}\"},\"query-input\":\"required name=search_term_string\"}],\"inLanguage\":\"pl-PL\"}]}<\/script>\n<!-- \/ Yoast SEO plugin. -->","yoast_head_json":{"title":"Zabytki - Parafia Przyszowa","robots":{"index":"index","follow":"follow","max-snippet":"max-snippet:-1","max-image-preview":"max-image-preview:large","max-video-preview":"max-video-preview:-1"},"canonical":"https:\/\/parafiaprzyszowa.pl\/index.php\/zabytki\/","og_locale":"pl_PL","og_type":"article","og_title":"Zabytki - Parafia Przyszowa","og_description":"Zabytki \u00a0Przyszowa znana jest przede wszystkim z przepi\u0119knego ko\u015bcio\u0142a parafialnego pw. \u015awi\u0119tego Miko\u0142aja Biskupa, kt\u00f3remu po\u015bwi\u0119cona zosta\u0142a osobna strona, jednak\u017ce na uwag\u0119 zas\u0142uguj\u0105 r\u00f3wnie\u017c inne zabytki w miejscowo\u015bci. \u00a0 \u00a0Jednym z najstarszych obiekt\u00f3w w Przyszowej jest \u015bredniowieczny zamek, a raczej pozosta\u0142y po nim wa\u0142 ziemny oraz sucha fosa, znajduj\u0105cy si\u0119 na g\u00f3rze \u0141y\u017cka (zwanej tak\u017ce [&hellip;]","og_url":"https:\/\/parafiaprzyszowa.pl\/index.php\/zabytki\/","og_site_name":"Parafia Przyszowa","twitter_card":"summary_large_image","twitter_misc":{"Szacowany czas czytania":"2 minuty"},"schema":{"@context":"https:\/\/schema.org","@graph":[{"@type":"WebPage","@id":"https:\/\/parafiaprzyszowa.pl\/index.php\/zabytki\/","url":"https:\/\/parafiaprzyszowa.pl\/index.php\/zabytki\/","name":"Zabytki - Parafia Przyszowa","isPartOf":{"@id":"https:\/\/parafiaprzyszowa.pl\/#website"},"datePublished":"2019-04-14T16:00:38+00:00","dateModified":"2019-04-14T16:00:38+00:00","breadcrumb":{"@id":"https:\/\/parafiaprzyszowa.pl\/index.php\/zabytki\/#breadcrumb"},"inLanguage":"pl-PL","potentialAction":[{"@type":"ReadAction","target":["https:\/\/parafiaprzyszowa.pl\/index.php\/zabytki\/"]}]},{"@type":"BreadcrumbList","@id":"https:\/\/parafiaprzyszowa.pl\/index.php\/zabytki\/#breadcrumb","itemListElement":[{"@type":"ListItem","position":1,"name":"Strona g\u0142\u00f3wna","item":"https:\/\/parafiaprzyszowa.pl\/"},{"@type":"ListItem","position":2,"name":"Zabytki"}]},{"@type":"WebSite","@id":"https:\/\/parafiaprzyszowa.pl\/#website","url":"https:\/\/parafiaprzyszowa.pl\/","name":"Parafia Przyszowa","description":"Oficjalna strona Parafii pw. \u015bw. Miko\u0142aja Biskupa w Przyszowej","potentialAction":[{"@type":"SearchAction","target":{"@type":"EntryPoint","urlTemplate":"https:\/\/parafiaprzyszowa.pl\/?s={search_term_string}"},"query-input":"required name=search_term_string"}],"inLanguage":"pl-PL"}]}},"_links":{"self":[{"href":"https:\/\/parafiaprzyszowa.pl\/index.php\/wp-json\/wp\/v2\/pages\/1376","targetHints":{"allow":["GET"]}}],"collection":[{"href":"https:\/\/parafiaprzyszowa.pl\/index.php\/wp-json\/wp\/v2\/pages"}],"about":[{"href":"https:\/\/parafiaprzyszowa.pl\/index.php\/wp-json\/wp\/v2\/types\/page"}],"author":[{"embeddable":true,"href":"https:\/\/parafiaprzyszowa.pl\/index.php\/wp-json\/wp\/v2\/users\/1"}],"replies":[{"embeddable":true,"href":"https:\/\/parafiaprzyszowa.pl\/index.php\/wp-json\/wp\/v2\/comments?post=1376"}],"version-history":[{"count":0,"href":"https:\/\/parafiaprzyszowa.pl\/index.php\/wp-json\/wp\/v2\/pages\/1376\/revisions"}],"wp:attachment":[{"href":"https:\/\/parafiaprzyszowa.pl\/index.php\/wp-json\/wp\/v2\/media?parent=1376"}],"curies":[{"name":"wp","href":"https:\/\/api.w.org\/{rel}","templated":true}]}}